{"id":1668,"date":"2020-11-28T14:20:38","date_gmt":"2020-11-28T13:20:38","guid":{"rendered":"https:\/\/mppjedinstvo.co.rs\/en\/?page_id=1668"},"modified":"2020-11-28T14:20:38","modified_gmt":"2020-11-28T13:20:38","slug":"mica-micic-bsc-ecc-general-manager","status":"publish","type":"page","link":"https:\/\/mppjedinstvo.co.rs\/en\/human-resources\/management\/mica-micic-bsc-ecc-general-manager\/","title":{"rendered":"Mi\u0107a Mi\u0107i\u0107, BSc ecc., General Manager"},"content":{"rendered":"<p>Employed with MPP Jedinstvo AD Sevojno since 1984 , first as the financial director, and since 1987 on the duties of the Director General.<\/p>\n<p>He was the Director General Manager until 2012.<\/p>\n<p>In the period from\u00a0 2012\u00a0 to 2015, \u00a0he was appointed President of the Supervisory Board and President of the Jedinstvo Group.<\/p>\n<p>Since 2016, he has been the Director General Manager again<\/p>\n<p><a href=\"https:\/\/mppjedinstvo.co.rs\/en\/human-resources\/management\/\">&lt;&lt; back<\/a><\/p>\n","protected":false},"excerpt":{"rendered":"<p>Employed with MPP Jedinstvo AD Sevojno since 1984 , first as the financial director, and since 1987 on the duties of the Director General. He was the Director General Manager until 2012. In the period from\u00a0 2012\u00a0 to 2015, \u00a0he &hellip; <a href=\"https:\/\/mppjedinstvo.co.rs\/en\/human-resources\/management\/mica-micic-bsc-ecc-general-manager\/\">Continue reading <span class=\"meta-nav\">&rarr;<\/span><\/a><\/p>\n","protected":false},"author":1,"featured_media":0,"parent":191,"menu_order":0,"comment_status":"closed","ping_status":"closed","template":"","meta":[],"_links":{"self":[{"href":"https:\/\/mppjedinstvo.co.rs\/en\/wp-json\/wp\/v2\/pages\/1668"}],"collection":[{"href":"https:\/\/mppjedinstvo.co.rs\/en\/wp-json\/wp\/v2\/pages"}],"about":[{"href":"https:\/\/mppjedinstvo.co.rs\/en\/wp-json\/wp\/v2\/types\/page"}],"author":[{"embeddable":true,"href":"https:\/\/mppjedinstvo.co.rs\/en\/wp-json\/wp\/v2\/users\/1"}],"replies":[{"embeddable":true,"href":"https:\/\/mppjedinstvo.co.rs\/en\/wp-json\/wp\/v2\/comments?post=1668"}],"version-history":[{"count":0,"href":"https:\/\/mppjedinstvo.co.rs\/en\/wp-json\/wp\/v2\/pages\/1668\/revisions"}],"up":[{"embeddable":true,"href":"https:\/\/mppjedinstvo.co.rs\/en\/wp-json\/wp\/v2\/pages\/191"}],"wp:attachment":[{"href":"https:\/\/mppjedinstvo.co.rs\/en\/wp-json\/wp\/v2\/media?parent=1668"}],"curies":[{"name":"wp","href":"https:\/\/api.w.org\/{rel}","templated":true}]}}