{"id":1698,"date":"2020-11-28T14:34:40","date_gmt":"2020-11-28T13:34:40","guid":{"rendered":"https:\/\/mppjedinstvo.co.rs\/en\/?page_id=1698"},"modified":"2020-11-28T14:34:40","modified_gmt":"2020-11-28T13:34:40","slug":"dusko-dedovic-bste","status":"publish","type":"page","link":"https:\/\/mppjedinstvo.co.rs\/en\/human-resources\/management\/dusko-dedovic-bste\/","title":{"rendered":"Du\u0161ko \u0110edovi\u0107 , BSTE."},"content":{"rendered":"<p>Since 1992, owner of Zeta Export \u2013 Import  doo, Dljin ; since  2011 owner and director of VSP Energy doo Lu\u010dani<\/p>\n<p><a href=\"https:\/\/mppjedinstvo.co.rs\/en\/human-resources\/management\/\">&lt;&lt; back<\/a><\/p>\n","protected":false},"excerpt":{"rendered":"<p>Since 1992, owner of Zeta Export \u2013 Import doo, Dljin ; since 2011 owner and director of VSP Energy doo Lu\u010dani &lt;&lt; back<\/p>\n","protected":false},"author":1,"featured_media":0,"parent":191,"menu_order":0,"comment_status":"closed","ping_status":"closed","template":"","meta":[],"_links":{"self":[{"href":"https:\/\/mppjedinstvo.co.rs\/en\/wp-json\/wp\/v2\/pages\/1698"}],"collection":[{"href":"https:\/\/mppjedinstvo.co.rs\/en\/wp-json\/wp\/v2\/pages"}],"about":[{"href":"https:\/\/mppjedinstvo.co.rs\/en\/wp-json\/wp\/v2\/types\/page"}],"author":[{"embeddable":true,"href":"https:\/\/mppjedinstvo.co.rs\/en\/wp-json\/wp\/v2\/users\/1"}],"replies":[{"embeddable":true,"href":"https:\/\/mppjedinstvo.co.rs\/en\/wp-json\/wp\/v2\/comments?post=1698"}],"version-history":[{"count":0,"href":"https:\/\/mppjedinstvo.co.rs\/en\/wp-json\/wp\/v2\/pages\/1698\/revisions"}],"up":[{"embeddable":true,"href":"https:\/\/mppjedinstvo.co.rs\/en\/wp-json\/wp\/v2\/pages\/191"}],"wp:attachment":[{"href":"https:\/\/mppjedinstvo.co.rs\/en\/wp-json\/wp\/v2\/media?parent=1698"}],"curies":[{"name":"wp","href":"https:\/\/api.w.org\/{rel}","templated":true}]}}