{"id":184,"date":"2011-09-17T17:05:25","date_gmt":"2011-09-17T15:05:25","guid":{"rendered":"https:\/\/mppjedinstvo.co.rs\/?page_id=184"},"modified":"2022-12-27T12:54:38","modified_gmt":"2022-12-27T12:54:38","slug":"media-about-us","status":"publish","type":"page","link":"https:\/\/mppjedinstvo.co.rs\/en\/media-center\/media-about-us\/","title":{"rendered":"Media About Us"},"content":{"rendered":"<h2>12. DECEMBAR 2022.<\/h2>\n<p><a href=\"https:\/\/www.ekapija.com\/news\/3947677\/broker-indeks-najlikvidnijih-akcija-na-beogradskoj-berzi-blago-oslabio-nis-u-fokusu\" target=\"_blank\" rel=\"noopener\">eKapija: Broker: Indeks najlikvidnijih akcija na Beogradskoj berzi blago oslabio, NIS u fokusu investitora<\/a><\/p>\n<h2>13. JUL 2022.<\/h2>\n<p><a href=\"https:\/\/www.ekapija.com\/news\/3768114\/broker-isplata-dividendi-u-srbiji-bice-za-65-visa-nego-2021\">eKapija: Broker: Isplata dividendi u Srbiji bi\u0107e za 65% vi\u0161a nego 2021.<\/a><\/p>\n<h2>17. MAJ 2022.<\/h2>\n<p><a href=\"https:\/\/www.ekapija.com\/news\/3698857\/kompanija-jedinstvo-angazovana-za-sanaciju-klizista-u-uzicu-vrednost-posla-110000000-dinara\">eKapija: Kompanija Jedinstvo anga\u017eovana za sanaciju klizi\u0161ta u U\u017eicu &#8211; Vrednost posla 110.000.000 dinara<\/a><\/p>\n<h2>29. OKTOBAR 2021.<\/h2>\n<p><a href=\"https:\/\/www.ekapija.com\/news\/3463291\/drzava-obnavlja-naftne-rezervoare-u-smederevu-unistene-tokom-bombardovanja-formiranje-strateskih-rezervi\">eKapija: Dr\u017eava obnavlja naftne rezervoare u Smederevu uni\u0161tene tokom bombardovanja &#8211; Formiranje strate\u0161kih rezervi<\/a><\/p>\n<p><strong>02. JUL 2021.<\/strong><\/p>\n<p><a href=\"https:\/\/www.ekapija.com\/news\/3332777\/poceli-pripremni-radovi-za-povezivanje-naselja-grocka-i-vrcin-na-regionalni-vodovod\">eKapija: Po\u010deli pripremni radovi za povezivanje naselja Grocka i Vr\u010din na regionalni vodovod Maki\u0161-Mladenovac<\/a><\/p>\n<h2>05. JUN 2021.<\/h2>\n<p><a href=\"https:\/\/www.ekapija.com\/infrastructure\/3302321\/uklonjena-ekoloska-bomba-sa-obale-lima-sanacija-deponije-stanjevine-u-zavrsnoj-fazi\">eKapija: Uklonjena &#8220;ekolo\u0161ka bomba&#8221; sa obale Lima &#8211; Sanacija deponije Stanjevine u zavr\u0161noj fazi<\/a><\/p>\n<h2>21. JANUAR 2021.<\/h2>\n<p><a href=\"https:\/\/www.ekapija.com\/news\/3147933\/gradnja-stadiona-u-loznici-pocinje-u-aprilu-rok-za-zavrsetak-dve-godine\">eKapija: Gradnja stadiona u Loznici po\u010dinje u aprilu, rok za zavr\u0161etak dve godine &#8211; Radovi u Leskovcu \u010dekaju odluku komisije za za\u0161titu prava<\/a><\/p>\n<h2>21. JANUAR 2020.<\/h2>\n<p><a href=\"https:\/\/www.ekapija.com\/news\/3147933\/gradnja-stadiona-u-loznici-pocinje-u-aprilu-rok-za-zavrsetak-dve-godine\" target=\"_blank\" rel=\"noopener\">eKapija: Gradnja stadiona u Loznici po\u010dinje u aprilu, rok za zavr\u0161etak dve godine &#8211; Radovi u Leskovcu \u010dekaju odluku komisije za za\u0161titu prava<\/a><\/p>\n<h2>28. DECEMBAR 2020.<\/h2>\n<p><a href=\"https:\/\/www.ekapija.com\/news\/3122264\/posle-zajecara-i-leskovca-i-projekat-gradnje-stadiona-u-loznici-spreman-za\" target=\"_blank\" rel=\"noopener\">eKapija: Posle Zaje\u010dara i Leskovca, i projekat gradnje stadiona u Loznici spreman za realizaciju &#8211; Prihva\u0107ena vi\u0161a cena jedinog ponu\u0111a\u010da<\/a><\/p>\n<h2>24. OKTOBAR 2020.<\/h2>\n<p><a href=\"https:\/\/www.ekapija.com\/news\/3048780\/uklanjaju-se-poslednji-ostaci-nekadasnje-cvete-dabic-u-uzicu-na-tom-mestu\" target=\"_blank\" rel=\"noopener\">eKapija: Uklanjaju se poslednji ostaci nekada\u0161nje Cvete Dabi\u0107 u U\u017eicu &#8211; Na tom mestu gradi\u0107e se stambeno-poslovni objekat sa galerijom<\/a><\/p>\n<h2>19. AVGUST 2020.<\/h2>\n<p><a href=\"https:\/\/www.ekapija.com\/news\/2981279\/na-zlatiboru-zavrsen-turisticki-projekat-decenije-gold-gondola-pustena-u-probni-rad\" target=\"_blank\" rel=\"noopener\">eKapija: Na Zlatiboru zavr\u0161en turisti\u010dki projekat decenije &#8211; Gold gondola pu\u0161tena u probni rad<\/a><\/p>\n<h2>05. AVGUST 2020.<\/h2>\n<p><a href=\"https:\/\/www.ekapija.com\/news\/2967755\/postrojenje-za-preradu-otpadnih-voda-na-zlatiboru-bice-zavrseno-do-septembra\" target=\"_blank\" rel=\"noopener\">eKapija: Postrojenje za preradu otpadnih voda na Zlatiboru bi\u0107e zavr\u0161eno do septembra<\/a><\/p>\n<h2>26. JUL 2020.<\/h2>\n<p><a href=\"https:\/\/www.ekapija.com\/real-estate\/2957767\/KZIN\/pocelo-rusenje-tekstilne-fabrike-cveta-dabic-u-uzicu-na-prostoru-od-oko\">eKapija: Po\u010delo ru\u0161enje Tekstilne fabrike Cveta Dabi\u0107 u U\u017eicu &#8211; Na prostoru od oko jednog hektara planira se gradnja savremenog poslovno-stambenog objekta<\/a><\/p>\n<h2>23. JUN 2020.<\/h2>\n<p><a href=\"https:\/\/www.ekapija.com\/news\/2921011\/postrojenje-za-odsumporavanje-u-tent-a-bice-u-funkciji-2023-do-kraja\" target=\"_blank\" rel=\"noopener\">eKapija: Postrojenje za odsumporavanje u TENT A bi\u0107e u funkciji 2023. &#8211; Do kraja godine najavljena i gradnja termoelektrane Kolubara B<\/a><\/p>\n<h2>02. JUN 2020.<\/h2>\n<p><a href=\"https:\/\/cordmagazine.com\/bussiness\/success-stories\/jedinstvo-sevojno-tradition-experience-and-quality\/\" target=\"_blank\" rel=\"noopener\">cordmagazine: Tradition, Experience and Quality<\/a><\/p>\n<h2>07. APRIL 2020.<\/h2>\n<p><a href=\"https:\/\/www.ekapija.com\/news\/2843241\/uzicke-valjaonice-posluju-relativno-normalno\" target=\"_blank\" rel=\"noopener\">eKapija: U\u017ei\u010dke valjaonice posluju relativno normalno<\/a><\/p>\n<h2>17. JANUAR 2020.<\/h2>\n<p><a href=\"https:\/\/www.ekapija.com\/news\/2755154\/u-narednim-godinama-eps-planira-dodatne-ekoloske-investicije-vredne-vise-od-1\" target=\"_blank\" rel=\"noopener\">eKapija: U narednim godinama EPS planira dodatne ekolo\u0161ke investicije vredne vi\u0161e od 1 mlrd EUR<\/a><\/p>\n<h2>20. OKTOBAR 2019.<\/h2>\n<p><a href=\"https:\/\/www.ekapija.com\/news\/2664733\/radovi-na-zlatiborskoj-gondoli-ulaze-u-zavrsnu-fazu-montiranje-opreme-gotovo-do\" target=\"_blank\" rel=\"noopener\">eKapija: Radovi na zlatiborskoj gondoli ulaze u zavr\u0161nu fazu &#8211; Montiranje opreme gotovo do kraja novembra<\/a><\/p>\n<h2>01. SEPTEMBAR 2019.<\/h2>\n<p><a href=\"https:\/\/www.ekapija.com\/news\/2616086\/poceli-radovi-u-novoj-industrijskoj-zoni-u-uzicu-gradi-se-glavni-kolektor\" target=\"_blank\" rel=\"noopener\">eKapija: Po\u010deli radovi u novoj industrijskoj zoni u U\u017eicu &#8211; Gradi se glavni kolektor kanalizacione mre\u017ee<\/a><\/p>\n<h2>13. JUN 2019.<\/h2>\n<p><a href=\"https:\/\/www.ekapija.com\/news\/2537653\/osnovna-skola-u-selu-balajnac-kod-merosine-bice-energetski-efikasna-na-zimu\">eKapija: Osnovna \u0161kola u selu Balajnac kod Mero\u0161ine bi\u0107e energetski efikasna &#8211; Na zimu i grejanje na pelet<\/a><\/p>\n<h2>12. JUL 2019.<\/h2>\n<p><a href=\"https:\/\/www.ekapija.com\/news\/2569902\/podignut-stub-27-na-ribnici-do-kraja-2019-izvesna-voznja-zlatiborskom-gondolom\" target=\"_blank\" rel=\"noopener\">eKapija: Podignut stub 27 na Ribnici, do kraja 2019. izvesna vo\u017enja zlatiborskom gondolom<\/a><\/p>\n<h2>28. JUN 2019.<\/h2>\n<p><a href=\"https:\/\/www.ekapija.com\/news\/2554615\/postrojenje-za-preradu-otpadnih-voda-na-zlatiboru-pocinje-probni-rad-na-jesen\" target=\"_blank\" rel=\"noopener\">eKapija: Postrojenje za preradu otpadnih voda na Zlatiboru po\u010dinje probni rad na jesen &#8211; U planu i projekti za Sirogojno i Ma\u010dkat<\/a><\/p>\n<h2>14. JUN 2019.<\/h2>\n<p><a href=\"https:\/\/www.ekapija.com\/news\/2537653\/osnovna-skola-u-selu-balajnac-kod-merosine-bice-energetski-efikasna-na-zimu\" target=\"_blank\" rel=\"noopener\">eKapija: Osnovna \u0161kola u selu Balajnac kod Mero\u0161ine bi\u0107e energetski efikasna &#8211; Na zimu i grejanje na pelet<\/a><\/p>\n<h2>20. JUN 2019.<\/h2>\n<p><a href=\"https:\/\/www.ekapija.com\/news\/2546662\/predstavnici-francuske-kompanije-pomagalski-o-gondoli-na-zlatiboru-izazov-je-zavrsiti-projekat\" target=\"_blank\" rel=\"noopener\">eKapija: Predstavnici francuske kompanije Pomagalski o gondoli na Zlatiboru &#8211; Izazov je zavr\u0161iti projekat do kraja 2019. godine<\/a><\/p>\n<h2>25. JANUAR 2019.<\/h2>\n<p><a href=\"https:\/\/www.ekapija.com\/news\/2382985\/retrospektiva-2018-investicije-i-planovi-u-oblasti-ekologije-koje-su-izazvale-najvece\" target=\"_blank\" rel=\"noopener\">eKapija: RETROSPEKTIVA 2018 &#8211; Investicije i planovi u oblasti EKOLOGIJE koje su izazvale najve\u0107e interesovanje korisnika eKapije<\/a><\/p>\n<h2>13. FEBRUAR 2019.<\/h2>\n<p><a href=\"http:\/\/www.rts.rs\/page\/stories\/sr\/story\/13\/ekonomija\/3419885\/obrenovac-pocela-izgradnja-postrojenja-za-odsumporavanje-dimnih-gasova.html\" target=\"_blank\" rel=\"noopener\">RTS: Obrenovac, po\u010dela izgradnja postrojenja za pre\u010di\u0161\u0107avanje gasova<\/a><\/p>\n<h2>22. JANUAR 2019.<\/h2>\n<p><a href=\"https:\/\/www.blic.rs\/biznis\/privreda-i-finansije\/mihajlovic-gotova-fabrika-od-sest-miliona-evra-u-uzicu\/fymnd1e\" target=\"_blank\" rel=\"noopener\">BLIC: Gotova fabrika od \u0160EST MILIONA EVRA u U\u017eicu <\/a><\/p>\n<h2>15. NOVEMBAR 2016.<\/h2>\n<p><a href=\"http:\/\/www.pancevo.rs\/nekategorizovano\/potpisan-ugovor-za-nabavku-solarnih-kolektora-celicnu-konstrukciju-montiranje-tehnoloske-opreme\/?cir=lat\" target=\"_blank\" rel=\"noopener\">pancevo.rs: Potpisan Ugovor za nabavku solarnih kolektora i \u010deli\u010dnu konstrukciju i montiranje tehnolo\u0161ke opreme <\/a><\/p>\n<h2>7. JULI 2016.<\/h2>\n<p><a href=\"https:\/\/serbia-energy.eu\/sr\/srbija-izgradnja-postrojenja-za-preciscavanje-otpadnih-voda-u-tent\/\" target=\"_blank\" rel=\"noopener\">SERBIA ENERGY: Izgradnja postrojenja za pre\u010di\u0161\u0107avanje otpadnih voda u TENT A<\/a><\/p>\n<h2>06. APRIL 2016.<\/h2>\n<p><a href=\"https:\/\/www.b92.net\/biz\/vesti\/srbija.php?yyyy=2016&amp;mm=04&amp;dd=06&amp;nav_id=1116562\" target=\"_blank\" rel=\"noopener\">B92: Jedinstvu iz Sevojna novi posao <\/a><\/p>\n<h2>03. SEPTEMBAR 2015.<\/h2>\n<p><a href=\"https:\/\/www.energetskiportal.rs\/izgradnja-postrojenja-za-preciscavanje-otpadnih-voda-u-tent-a\/\" target=\"_blank\" rel=\"noopener\">ENERGETSKI PORTAL &#8211; Izgradnja postrojenja za pre\u010di\u0161\u0107avanje otpadnih voda u TENT A <\/a><\/p>\n<h2>26. FEBRUAR 2015.<\/h2>\n<p><a href=\"https:\/\/www.pirotskevesti.rs\/ostale-vesti\/zavrsava-se-najveci-javni-objekat-u-gradu\/\" target=\"_blank\" rel=\"noopener\">pirotskevesti.rs: Zavr\u0161ava se najve\u0107i javni objekat u gradu<\/a><\/p>\n<h2>01. DECEMBAR 2015.<\/h2>\n<p><a href=\"https:\/\/ba.ekapija.com\/news\/1300337\/uzicko-preduzece-jedinstvo-pocelo-obnovu-vodovoda-u-foci-vrijednost-posla-46-mil\" target=\"_blank\" rel=\"noopener\">E KAPIJA: U\u017ei\u010dko preduze\u0107e &#8220;Jedinstvo&#8221; po\u010delo obnovu vodovoda u Fo\u010di &#8211; Vrijednost posla 4,6 mil KM<\/a><\/p>\n<h2>08. SEPTEMBAR 2014.<\/h2>\n<p><a href=\"https:\/\/www.ekapija.com\/news\/975967\/zavrsena-rekonstrukcija-zgrade-aeroinzenjeringa-u-novom-beogradu-prvi-osnovni-sud-dobio-nove\" target=\"_blank\" rel=\"noopener\">E KAPIJA: Zavr\u0161ena rekonstrukcija zgrade &#8220;Aeroin\u017eenjeringa&#8221; u Novom Beogradu &#8211; Prvi osnovni sud dobio nove prostorije <\/a><\/p>\n<h2>01.JULI 2011.<\/h2>\n<p><a href=\"https:\/\/www.ekapija.com\/news\/448677\/projektomontaza-i-jedinstvo-grade-sistem-za-navodnjavanje-zemljista-u-grockoj\" target=\"_blank\" rel=\"noopener\">E KAPIJA: &#8220;Projektomonta\u017ea&#8221; i &#8220;Jedinstvo&#8221; grade sistem za navodnjavanje zemlji\u0161ta u Grockoj<\/a><\/p>\n<h2>28. maja 2007.<\/h2>\n<p><a href=\"https:\/\/www.danas.rs\/ekonomija\/pocinje-izgradnja-gasovoda-arilje-pozega\/\" target=\"_blank\" rel=\"noopener\">DANAS: Po\u010dinje izgradnja gasovoda Arilje-Po\u017eega <\/a><\/p>\n<p>___<\/p>\n<p><a href=\"https:\/\/mppjedinstvo.co.rs\/rs\/media-centar\/mediji-o-nama\/arhiva\/\">Arhivirane vesti &#8211; Mediji o nama<\/a><\/p>\n","protected":false},"excerpt":{"rendered":"<p>12. DECEMBAR 2022. eKapija: Broker: Indeks najlikvidnijih akcija na Beogradskoj berzi blago oslabio, NIS u fokusu investitora 13. JUL 2022. eKapija: Broker: Isplata dividendi u Srbiji bi\u0107e za 65% vi\u0161a nego 2021. 17. MAJ 2022. eKapija: Kompanija Jedinstvo anga\u017eovana za &hellip; <a href=\"https:\/\/mppjedinstvo.co.rs\/en\/media-center\/media-about-us\/\">Continue reading <span class=\"meta-nav\">&rarr;<\/span><\/a><\/p>\n","protected":false},"author":1,"featured_media":0,"parent":176,"menu_order":3,"comment_status":"closed","ping_status":"closed","template":"","meta":[],"_links":{"self":[{"href":"https:\/\/mppjedinstvo.co.rs\/en\/wp-json\/wp\/v2\/pages\/184"}],"collection":[{"href":"https:\/\/mppjedinstvo.co.rs\/en\/wp-json\/wp\/v2\/pages"}],"about":[{"href":"https:\/\/mppjedinstvo.co.rs\/en\/wp-json\/wp\/v2\/types\/page"}],"author":[{"embeddable":true,"href":"https:\/\/mppjedinstvo.co.rs\/en\/wp-json\/wp\/v2\/users\/1"}],"replies":[{"embeddable":true,"href":"https:\/\/mppjedinstvo.co.rs\/en\/wp-json\/wp\/v2\/comments?post=184"}],"version-history":[{"count":1,"href":"https:\/\/mppjedinstvo.co.rs\/en\/wp-json\/wp\/v2\/pages\/184\/revisions"}],"predecessor-version":[{"id":1978,"href":"https:\/\/mppjedinstvo.co.rs\/en\/wp-json\/wp\/v2\/pages\/184\/revisions\/1978"}],"up":[{"embeddable":true,"href":"https:\/\/mppjedinstvo.co.rs\/en\/wp-json\/wp\/v2\/pages\/176"}],"wp:attachment":[{"href":"https:\/\/mppjedinstvo.co.rs\/en\/wp-json\/wp\/v2\/media?parent=184"}],"curies":[{"name":"wp","href":"https:\/\/api.w.org\/{rel}","templated":true}]}}