{"id":187,"date":"2011-09-17T17:06:17","date_gmt":"2011-09-17T15:06:17","guid":{"rendered":"https:\/\/mppjedinstvo.co.rs\/?page_id=187"},"modified":"2022-12-26T15:11:52","modified_gmt":"2022-12-26T15:11:52","slug":"human-resources","status":"publish","type":"page","link":"https:\/\/mppjedinstvo.co.rs\/en\/human-resources\/","title":{"rendered":"Human resources"},"content":{"rendered":"<ul class=\"wpb_page_list\"><li class=\"page_item page-item-189\"><a href=\"https:\/\/mppjedinstvo.co.rs\/en\/human-resources\/our-employees\/\">Our employees<\/a><\/li>\n<li class=\"page_item page-item-191 page_item_has_children\"><a href=\"https:\/\/mppjedinstvo.co.rs\/en\/human-resources\/management\/\">Management<\/a>\n<ul class='children'>\n\t<li class=\"page_item page-item-1668\"><a href=\"https:\/\/mppjedinstvo.co.rs\/en\/human-resources\/management\/mica-micic-bsc-ecc-general-manager\/\">Mi\u0107a Mi\u0107i\u0107, BSc ecc., General Manager<\/a><\/li>\n\t<li class=\"page_item page-item-1671\"><a href=\"https:\/\/mppjedinstvo.co.rs\/en\/human-resources\/management\/savo-zunic-b-sc-m-e-deputy-director\/\">Savo \u017duni\u0107, B.Sc. M.E., Deputy Director<\/a><\/li>\n\t<li class=\"page_item page-item-1673\"><a href=\"https:\/\/mppjedinstvo.co.rs\/en\/human-resources\/management\/zoran-radibratovic-bsme-technical-director\/\">Zoran Radibratovi\u0107, BSME \u2013 Technical Director<\/a><\/li>\n\t<li class=\"page_item page-item-1676\"><a href=\"https:\/\/mppjedinstvo.co.rs\/en\/human-resources\/management\/snezana-ristovic-bsc-ecc-cfo\/\">Sne\u017eana Ristovi\u0107, BSc ecc \u2013 CFO<\/a><\/li>\n\t<li class=\"page_item page-item-1679\"><a href=\"https:\/\/mppjedinstvo.co.rs\/en\/human-resources\/management\/dusko-duric-bsme-director-of-works-on-the-territory-of-belgrade-city\/\">Du\u0161ko \u0110uri\u0107, BSME \u2013 Director of Works on the territory of Belgrade city<\/a><\/li>\n\t<li class=\"page_item page-item-1681\"><a href=\"https:\/\/mppjedinstvo.co.rs\/en\/human-resources\/management\/sinisa-zoric-b-sc-c-e-director-of-engineering-dep\/\">Sini\u0161a Zori\u0107, B.Sc. C.E., Director of Engineering Dep.<\/a><\/li>\n\t<li class=\"page_item page-item-1683\"><a href=\"https:\/\/mppjedinstvo.co.rs\/en\/human-resources\/management\/nikola-gajic-b-sc-m-e-installation-dep-director\/\">Nikola Gaji\u0107, B.Sc. M.E., Installation Dep. Director<\/a><\/li>\n\t<li class=\"page_item page-item-1687\"><a href=\"https:\/\/mppjedinstvo.co.rs\/en\/human-resources\/management\/dragan-otasevic-b-sc-m-e-director-of-development-and-investments\/\">Dragan Ota\u0161evi\u0107, B.Sc. M.E., Director of Development and Investments<\/a><\/li>\n\t<li class=\"page_item page-item-1694\"><a href=\"https:\/\/mppjedinstvo.co.rs\/en\/human-resources\/management\/dejan-stevanovic-bsme\/\">Dejan Stevanovi\u0107 , BSME<\/a><\/li>\n\t<li class=\"page_item page-item-1696\"><a href=\"https:\/\/mppjedinstvo.co.rs\/en\/human-resources\/management\/predrag-petricevic-bsce\/\">Predrag Petri\u010devi\u0107 , BSCE<\/a><\/li>\n\t<li class=\"page_item page-item-1698\"><a href=\"https:\/\/mppjedinstvo.co.rs\/en\/human-resources\/management\/dusko-dedovic-bste\/\">Du\u0161ko \u0110edovi\u0107 , BSTE.<\/a><\/li>\n<\/ul>\n<\/li>\n<li class=\"page_item page-item-193\"><a href=\"https:\/\/mppjedinstvo.co.rs\/en\/human-resources\/employment-opportunities\/\">Employment opportunities<\/a><\/li>\n<\/ul>\n","protected":false},"excerpt":{"rendered":"","protected":false},"author":1,"featured_media":0,"parent":0,"menu_order":4,"comment_status":"closed","ping_status":"closed","template":"","meta":[],"_links":{"self":[{"href":"https:\/\/mppjedinstvo.co.rs\/en\/wp-json\/wp\/v2\/pages\/187"}],"collection":[{"href":"https:\/\/mppjedinstvo.co.rs\/en\/wp-json\/wp\/v2\/pages"}],"about":[{"href":"https:\/\/mppjedinstvo.co.rs\/en\/wp-json\/wp\/v2\/types\/page"}],"author":[{"embeddable":true,"href":"https:\/\/mppjedinstvo.co.rs\/en\/wp-json\/wp\/v2\/users\/1"}],"replies":[{"embeddable":true,"href":"https:\/\/mppjedinstvo.co.rs\/en\/wp-json\/wp\/v2\/comments?post=187"}],"version-history":[{"count":1,"href":"https:\/\/mppjedinstvo.co.rs\/en\/wp-json\/wp\/v2\/pages\/187\/revisions"}],"predecessor-version":[{"id":1912,"href":"https:\/\/mppjedinstvo.co.rs\/en\/wp-json\/wp\/v2\/pages\/187\/revisions\/1912"}],"wp:attachment":[{"href":"https:\/\/mppjedinstvo.co.rs\/en\/wp-json\/wp\/v2\/media?parent=187"}],"curies":[{"name":"wp","href":"https:\/\/api.w.org\/{rel}","templated":true}]}}