{"id":191,"date":"2011-09-17T17:07:11","date_gmt":"2011-09-17T15:07:11","guid":{"rendered":"https:\/\/mppjedinstvo.co.rs\/?page_id=191"},"modified":"2011-09-17T17:07:11","modified_gmt":"2011-09-17T15:07:11","slug":"management","status":"publish","type":"page","link":"https:\/\/mppjedinstvo.co.rs\/en\/human-resources\/management\/","title":{"rendered":"Management"},"content":{"rendered":"<p><strong>Board of Directors:<\/strong><\/p>\n<ul>\n<li><a href=\"https:\/\/mppjedinstvo.co.rs\/en\/human-resources\/management\/mica-micic-bsc-ecc-general-manager\/\">Mi\u0107a Mi\u0107i\u0107, BSc ecc., General Manager<\/a><\/li>\n<li><a href=\"https:\/\/mppjedinstvo.co.rs\/en\/human-resources\/management\/savo-zunic-b-sc-m-e-deputy-director\/\">Savo \u017duni\u0107, B.Sc. M.E., Deputy Director<\/a><\/li>\n<li><a href=\"https:\/\/mppjedinstvo.co.rs\/en\/human-resources\/management\/zoran-radibratovic-bsme-technical-director\/\">Zoran Radibratovi\u0107, BSME \u2013 Technical Director<\/a><\/li>\n<li><a href=\"https:\/\/mppjedinstvo.co.rs\/en\/human-resources\/management\/snezana-ristovic-bsc-ecc-cfo\/\">Sne\u017eana Ristovi\u0107, BSc ecc \u2013 CFO<\/a><\/li>\n<li><a href=\"https:\/\/mppjedinstvo.co.rs\/en\/human-resources\/management\/dusko-duric-bsme-director-of-works-on-the-territory-of-belgrade-city\/\">Du\u0161ko \u0110uri\u0107, BSME \u2013 Director of Works on the territory of Belgrade city<\/a><\/li>\n<li><a href=\"https:\/\/mppjedinstvo.co.rs\/en\/human-resources\/management\/sinisa-zoric-b-sc-c-e-director-of-engineering-dep\/\">Sini\u0161a Zori\u0107, B.Sc. C.E., Director of Engineering Dep.<\/a><\/li>\n<li><a href=\"https:\/\/mppjedinstvo.co.rs\/en\/human-resources\/management\/nikola-gajic-b-sc-m-e-installation-dep-director\/\">Nikola Gaji\u0107, B.Sc. M.E., Installation Dep. Director<\/a><\/li>\n<li><a href=\"https:\/\/mppjedinstvo.co.rs\/en\/human-resources\/management\/dragan-otasevic-b-sc-m-e-director-of-development-and-investments\/\">Dragan Ota\u0161evi\u0107, B.Sc. M.E., Director of Development and Investments<\/a><\/li>\n<\/ul>\n<p><strong>Supervisory Board<\/strong><\/p>\n<ul>\n<li><a href=\"https:\/\/mppjedinstvo.co.rs\/en\/human-resources\/management\/dejan-stevanovic-bsme\/\">Dejan Stevanovi\u0107 , BSME<\/a><\/li>\n<li><a href=\"https:\/\/mppjedinstvo.co.rs\/en\/human-resources\/management\/predrag-petricevic-bsce\/\">Predrag Petri\u010devi\u0107 , BSCE<\/a><\/li>\n<li><a href=\"https:\/\/mppjedinstvo.co.rs\/en\/human-resources\/management\/dusko-dedovic-bste\/\">Du\u0161ko \u0110edovi\u0107 , BSTE.<\/a><\/li>\n<\/ul>\n<p>&nbsp;<\/p>\n","protected":false},"excerpt":{"rendered":"<p>Board of Directors: Mi\u0107a Mi\u0107i\u0107, BSc ecc., General Manager Savo \u017duni\u0107, B.Sc. M.E., Deputy Director Zoran Radibratovi\u0107, BSME \u2013 Technical Director Sne\u017eana Ristovi\u0107, BSc ecc \u2013 CFO Du\u0161ko \u0110uri\u0107, BSME \u2013 Director of Works on the territory of Belgrade city &hellip; <a href=\"https:\/\/mppjedinstvo.co.rs\/en\/human-resources\/management\/\">Continue reading <span class=\"meta-nav\">&rarr;<\/span><\/a><\/p>\n","protected":false},"author":1,"featured_media":0,"parent":187,"menu_order":1,"comment_status":"closed","ping_status":"closed","template":"","meta":[],"_links":{"self":[{"href":"https:\/\/mppjedinstvo.co.rs\/en\/wp-json\/wp\/v2\/pages\/191"}],"collection":[{"href":"https:\/\/mppjedinstvo.co.rs\/en\/wp-json\/wp\/v2\/pages"}],"about":[{"href":"https:\/\/mppjedinstvo.co.rs\/en\/wp-json\/wp\/v2\/types\/page"}],"author":[{"embeddable":true,"href":"https:\/\/mppjedinstvo.co.rs\/en\/wp-json\/wp\/v2\/users\/1"}],"replies":[{"embeddable":true,"href":"https:\/\/mppjedinstvo.co.rs\/en\/wp-json\/wp\/v2\/comments?post=191"}],"version-history":[{"count":0,"href":"https:\/\/mppjedinstvo.co.rs\/en\/wp-json\/wp\/v2\/pages\/191\/revisions"}],"up":[{"embeddable":true,"href":"https:\/\/mppjedinstvo.co.rs\/en\/wp-json\/wp\/v2\/pages\/187"}],"wp:attachment":[{"href":"https:\/\/mppjedinstvo.co.rs\/en\/wp-json\/wp\/v2\/media?parent=191"}],"curies":[{"name":"wp","href":"https:\/\/api.w.org\/{rel}","templated":true}]}}