{"id":1653,"date":"2015-08-28T13:41:27","date_gmt":"2015-08-28T11:41:27","guid":{"rendered":"https:\/\/mppjedinstvo.co.rs\/rs\/?page_id=1653"},"modified":"2022-12-06T17:54:37","modified_gmt":"2022-12-06T17:54:37","slug":"dokumenti","status":"publish","type":"page","link":"https:\/\/mppjedinstvo.co.rs\/rs\/o-kompaniji\/dokumenti\/","title":{"rendered":"Dokumenti"},"content":{"rendered":"<p>Shodno \u010clanu 16 Zakona o za\u0161titi uzbunjiva\u010da MPP Jedinstvo AD objavljuje usvojeni <a href=\"https:\/\/mppjedinstvo.co.rs\/rs\/wp-content\/uploads\/sites\/2\/2015\/08\/PRAVILNIK-Uzbunjivaci.pdf\">Pravilnik o postupku unutra\u0161njeg uzbunjivanja<\/a>.<\/p>\n","protected":false},"excerpt":{"rendered":"<p>Shodno \u010clanu 16 Zakona o za\u0161titi uzbunjiva\u010da MPP Jedinstvo AD objavljuje usvojeni Pravilnik o postupku unutra\u0161njeg uzbunjivanja.<\/p>\n","protected":false},"author":1,"featured_media":0,"parent":35,"menu_order":4,"comment_status":"closed","ping_status":"closed","template":"","meta":[],"_links":{"self":[{"href":"https:\/\/mppjedinstvo.co.rs\/rs\/wp-json\/wp\/v2\/pages\/1653"}],"collection":[{"href":"https:\/\/mppjedinstvo.co.rs\/rs\/wp-json\/wp\/v2\/pages"}],"about":[{"href":"https:\/\/mppjedinstvo.co.rs\/rs\/wp-json\/wp\/v2\/types\/page"}],"author":[{"embeddable":true,"href":"https:\/\/mppjedinstvo.co.rs\/rs\/wp-json\/wp\/v2\/users\/1"}],"replies":[{"embeddable":true,"href":"https:\/\/mppjedinstvo.co.rs\/rs\/wp-json\/wp\/v2\/comments?post=1653"}],"version-history":[{"count":1,"href":"https:\/\/mppjedinstvo.co.rs\/rs\/wp-json\/wp\/v2\/pages\/1653\/revisions"}],"predecessor-version":[{"id":3515,"href":"https:\/\/mppjedinstvo.co.rs\/rs\/wp-json\/wp\/v2\/pages\/1653\/revisions\/3515"}],"up":[{"embeddable":true,"href":"https:\/\/mppjedinstvo.co.rs\/rs\/wp-json\/wp\/v2\/pages\/35"}],"wp:attachment":[{"href":"https:\/\/mppjedinstvo.co.rs\/rs\/wp-json\/wp\/v2\/media?parent=1653"}],"curies":[{"name":"wp","href":"https:\/\/api.w.org\/{rel}","templated":true}]}}