{"id":168,"date":"2011-09-17T16:59:41","date_gmt":"2011-09-17T14:59:41","guid":{"rendered":"https:\/\/mppjedinstvo.co.rs\/?page_id=168"},"modified":"2011-09-17T16:59:41","modified_gmt":"2011-09-17T14:59:41","slug":"berzanski-informator","status":"publish","type":"page","link":"https:\/\/mppjedinstvo.co.rs\/rs\/za-investitore\/berzanski-informator\/","title":{"rendered":"Berzanski informator"},"content":{"rendered":"<p>Akcije Jedinstva kotirane su na Beogradskoj berzi od 30. aprila 2003. godine otkada Kompanija na godi\u0161njem nivou, najkasnije do 31. marta, objavljuje Informator koji sadr\u017ei podatke iz redovnog godi\u0161njeg finansijskog izve\u0161taja iz prethodne poslovne godine.<\/p>\n<p><strong>Informator o izdavaocu<\/strong><br \/>\n<a href=\"\/wp-content\/uploads\/2011\/09\/Jedinstvo-informator-2012.pdf\"><img decoding=\"async\" loading=\"lazy\" class=\"alignnone size-full wp-image-290\" title=\"Preuzmi informator o izdavaocu\" alt=\"\" src=\"https:\/\/mppjedinstvo.co.rs\/rs\/wp-content\/uploads\/sites\/2\/2011\/09\/pdf.gif\" width=\"32\" height=\"32\" \/><\/a><\/p>\n<p>&nbsp;<\/p>\n","protected":false},"excerpt":{"rendered":"<p>Akcije Jedinstva kotirane su na Beogradskoj berzi od 30. aprila 2003. godine otkada Kompanija na godi\u0161njem nivou, najkasnije do 31. marta, objavljuje Informator koji sadr\u017ei podatke iz redovnog godi\u0161njeg finansijskog izve\u0161taja iz prethodne poslovne godine. Informator o izdavaocu &nbsp;<\/p>\n","protected":false},"author":1,"featured_media":0,"parent":149,"menu_order":5,"comment_status":"closed","ping_status":"closed","template":"","meta":[],"_links":{"self":[{"href":"https:\/\/mppjedinstvo.co.rs\/rs\/wp-json\/wp\/v2\/pages\/168"}],"collection":[{"href":"https:\/\/mppjedinstvo.co.rs\/rs\/wp-json\/wp\/v2\/pages"}],"about":[{"href":"https:\/\/mppjedinstvo.co.rs\/rs\/wp-json\/wp\/v2\/types\/page"}],"author":[{"embeddable":true,"href":"https:\/\/mppjedinstvo.co.rs\/rs\/wp-json\/wp\/v2\/users\/1"}],"replies":[{"embeddable":true,"href":"https:\/\/mppjedinstvo.co.rs\/rs\/wp-json\/wp\/v2\/comments?post=168"}],"version-history":[{"count":0,"href":"https:\/\/mppjedinstvo.co.rs\/rs\/wp-json\/wp\/v2\/pages\/168\/revisions"}],"up":[{"embeddable":true,"href":"https:\/\/mppjedinstvo.co.rs\/rs\/wp-json\/wp\/v2\/pages\/149"}],"wp:attachment":[{"href":"https:\/\/mppjedinstvo.co.rs\/rs\/wp-json\/wp\/v2\/media?parent=168"}],"curies":[{"name":"wp","href":"https:\/\/api.w.org\/{rel}","templated":true}]}}