{"id":172,"date":"2011-09-17T17:01:00","date_gmt":"2011-09-17T15:01:00","guid":{"rendered":"https:\/\/mppjedinstvo.co.rs\/?page_id=172"},"modified":"2011-09-17T17:01:00","modified_gmt":"2011-09-17T15:01:00","slug":"finansijski-kalendar","status":"publish","type":"page","link":"https:\/\/mppjedinstvo.co.rs\/rs\/za-investitore\/finansijski-kalendar\/","title":{"rendered":"Finansijski kalendar"},"content":{"rendered":"<p>&nbsp;<\/p>\n<table border=\"0\" cellspacing=\"0\" cellpadding=\"0\">\n<tbody>\n<tr>\n<td width=\"150px\">\n<p style=\"text-align: center\">15. avg. 2014.<\/p>\n<\/td>\n<td>Polugodi\u0161nji finansijski izve\u0161taj<\/td>\n<\/tr>\n<tr>\n<td width=\"150px\">\n<p style=\"text-align: center\">31. avg. 2014.<\/p>\n<\/td>\n<td>Konsolidovani polugodi\u0161nji fin. izve\u0161taji<\/td>\n<\/tr>\n<tr>\n<td width=\"150px\">\n<p style=\"text-align: center\">15. nov. 2014. <\/p>\n<\/td>\n<td>Devetomese\u010dni finansijski izve\u0161taji<\/td>\n<\/tr>\n<tr>\n<td>\n<p style=\"text-align: center\">1. jan. 2015.<\/p>\n<\/td>\n<td>Ex-dividend dan; svi akcionari nakon ovog dana nemaju pravo na dividendu iz dobiti ostvarene u 2014.<\/td>\n<\/tr>\n<\/tbody>\n<\/table>\n<p><em>* datumi su podlo\u017eni promenama u kom slu\u010daju \u0107e biti blagovremeno objavljene na ovom mestu.<\/em><\/p>\n","protected":false},"excerpt":{"rendered":"<p>&nbsp; 15. avg. 2014. Polugodi\u0161nji finansijski izve\u0161taj 31. avg. 2014. Konsolidovani polugodi\u0161nji fin. izve\u0161taji 15. nov. 2014. Devetomese\u010dni finansijski izve\u0161taji 1. jan. 2015. Ex-dividend dan; svi akcionari nakon ovog dana nemaju pravo na dividendu iz dobiti ostvarene u 2014. * &hellip; <a href=\"https:\/\/mppjedinstvo.co.rs\/rs\/za-investitore\/finansijski-kalendar\/\">\u041d\u0430\u0441\u0442\u0430\u0432\u0438\u0442\u0435 \u0441\u0430 \u0447\u0438\u0442\u0430\u045a\u0435\u043c <span class=\"meta-nav\">&rarr;<\/span><\/a><\/p>\n","protected":false},"author":1,"featured_media":0,"parent":149,"menu_order":7,"comment_status":"closed","ping_status":"closed","template":"","meta":[],"_links":{"self":[{"href":"https:\/\/mppjedinstvo.co.rs\/rs\/wp-json\/wp\/v2\/pages\/172"}],"collection":[{"href":"https:\/\/mppjedinstvo.co.rs\/rs\/wp-json\/wp\/v2\/pages"}],"about":[{"href":"https:\/\/mppjedinstvo.co.rs\/rs\/wp-json\/wp\/v2\/types\/page"}],"author":[{"embeddable":true,"href":"https:\/\/mppjedinstvo.co.rs\/rs\/wp-json\/wp\/v2\/users\/1"}],"replies":[{"embeddable":true,"href":"https:\/\/mppjedinstvo.co.rs\/rs\/wp-json\/wp\/v2\/comments?post=172"}],"version-history":[{"count":0,"href":"https:\/\/mppjedinstvo.co.rs\/rs\/wp-json\/wp\/v2\/pages\/172\/revisions"}],"up":[{"embeddable":true,"href":"https:\/\/mppjedinstvo.co.rs\/rs\/wp-json\/wp\/v2\/pages\/149"}],"wp:attachment":[{"href":"https:\/\/mppjedinstvo.co.rs\/rs\/wp-json\/wp\/v2\/media?parent=172"}],"curies":[{"name":"wp","href":"https:\/\/api.w.org\/{rel}","templated":true}]}}