{"id":189,"date":"2011-09-17T17:06:50","date_gmt":"2011-09-17T15:06:50","guid":{"rendered":"https:\/\/mppjedinstvo.co.rs\/?page_id=189"},"modified":"2011-09-17T17:06:50","modified_gmt":"2011-09-17T15:06:50","slug":"nasi-zaposleni","status":"publish","type":"page","link":"https:\/\/mppjedinstvo.co.rs\/rs\/ljudski-resursi\/nasi-zaposleni\/","title":{"rendered":"Na\u0161i zaposleni"},"content":{"rendered":"<p><img decoding=\"async\" loading=\"lazy\" src=\"https:\/\/mppjedinstvo.co.rs\/rs\/wp-content\/uploads\/sites\/2\/2011\/09\/nasi-zaposleni-e1372295479489-150x150.jpg\" alt=\"nasi zaposleni\" width=\"150\" height=\"150\" class=\"alignleft size-thumbnail wp-image-1251\" \/>Jedinstvo sa zavisnim preduze\u0107ima zapo\u0161ljava preko 1.000 zaposlenih, od kojih je 70 in\u017eenjera razli\u010ditih profila. Tokom godine, u zavisnosti od potreba, Jedinstvo anga\u017euje znatan broj radnika na osnovu ugovora o delu sve do okon\u010danja trajanja projekta.<\/p>\n<p>Na \u010delu na\u0161e kompanije nalazi se stru\u010dni tim vrhunskih menad\u017eera sa dugogodi\u0161njim iskustvom u obavljanju rukovode\u0107ih poslova na proizvodno-monta\u017enih delatnostima.<\/p>\n<p>Upravlja\u010dku strukturu kompanije predstavljaju Nadzorni odbor izabran na godi\u0161njoj skup\u0161tini akcionara, Izvr\u0161ni odbor i generalni direktor preduze\u0107a.<\/p>\n","protected":false},"excerpt":{"rendered":"<p>Jedinstvo sa zavisnim preduze\u0107ima zapo\u0161ljava preko 1.000 zaposlenih, od kojih je 70 in\u017eenjera razli\u010ditih profila. Tokom godine, u zavisnosti od potreba, Jedinstvo anga\u017euje znatan broj radnika na osnovu ugovora o delu sve do okon\u010danja trajanja projekta. Na \u010delu na\u0161e kompanije &hellip; <a href=\"https:\/\/mppjedinstvo.co.rs\/rs\/ljudski-resursi\/nasi-zaposleni\/\">\u041d\u0430\u0441\u0442\u0430\u0432\u0438\u0442\u0435 \u0441\u0430 \u0447\u0438\u0442\u0430\u045a\u0435\u043c <span class=\"meta-nav\">&rarr;<\/span><\/a><\/p>\n","protected":false},"author":1,"featured_media":0,"parent":187,"menu_order":0,"comment_status":"closed","ping_status":"closed","template":"","meta":[],"_links":{"self":[{"href":"https:\/\/mppjedinstvo.co.rs\/rs\/wp-json\/wp\/v2\/pages\/189"}],"collection":[{"href":"https:\/\/mppjedinstvo.co.rs\/rs\/wp-json\/wp\/v2\/pages"}],"about":[{"href":"https:\/\/mppjedinstvo.co.rs\/rs\/wp-json\/wp\/v2\/types\/page"}],"author":[{"embeddable":true,"href":"https:\/\/mppjedinstvo.co.rs\/rs\/wp-json\/wp\/v2\/users\/1"}],"replies":[{"embeddable":true,"href":"https:\/\/mppjedinstvo.co.rs\/rs\/wp-json\/wp\/v2\/comments?post=189"}],"version-history":[{"count":0,"href":"https:\/\/mppjedinstvo.co.rs\/rs\/wp-json\/wp\/v2\/pages\/189\/revisions"}],"up":[{"embeddable":true,"href":"https:\/\/mppjedinstvo.co.rs\/rs\/wp-json\/wp\/v2\/pages\/187"}],"wp:attachment":[{"href":"https:\/\/mppjedinstvo.co.rs\/rs\/wp-json\/wp\/v2\/media?parent=189"}],"curies":[{"name":"wp","href":"https:\/\/api.w.org\/{rel}","templated":true}]}}