{"id":1895,"date":"2019-03-13T20:02:35","date_gmt":"2019-03-13T19:02:35","guid":{"rendered":"https:\/\/mppjedinstvo.co.rs\/rs\/?page_id=1895"},"modified":"2019-03-13T20:02:35","modified_gmt":"2019-03-13T19:02:35","slug":"zoran-radibratovic-dipl-mas-ing-tehnicki-direktor","status":"publish","type":"page","link":"https:\/\/mppjedinstvo.co.rs\/rs\/ljudski-resursi\/menadzment\/zoran-radibratovic-dipl-mas-ing-tehnicki-direktor\/","title":{"rendered":"Zoran  Radibratovi\u0107, dipl.ma\u0161.ing. &#8211; Tehni\u010dki   direktor"},"content":{"rendered":"<p>U MPP Jedinstvo AD Sevojno zaposlen od 1993.god.<\/p>\n<p>U periodu od 1994 do 2000 god. raspore\u0111en na radno mesto Upravnik gradnje na gradili\u0161tima u Rusiji<\/p>\n<p>Od 2001-2006 god. raspore\u0111en na poslove Pomo\u0107nik direktora za radove u Rusiji , zatim na poslove Direktora in\u017eenjeringa , poslove Izvr\u0161nog direktora u Crnoj Gori , a od 2013.god. imenovan je na funkciju Tehni\u010dkog direktora<\/p>\n<p><a href=\"https:\/\/mppjedinstvo.co.rs\/rs\/ljudski-resursi\/menadzment\/\">&lt;&lt; nazad<\/a><\/p>\n","protected":false},"excerpt":{"rendered":"<p>U MPP Jedinstvo AD Sevojno zaposlen od 1993.god. U periodu od 1994 do 2000 god. raspore\u0111en na radno mesto Upravnik gradnje na gradili\u0161tima u Rusiji Od 2001-2006 god. raspore\u0111en na poslove Pomo\u0107nik direktora za radove u Rusiji , zatim na &hellip; <a href=\"https:\/\/mppjedinstvo.co.rs\/rs\/ljudski-resursi\/menadzment\/zoran-radibratovic-dipl-mas-ing-tehnicki-direktor\/\">\u041d\u0430\u0441\u0442\u0430\u0432\u0438\u0442\u0435 \u0441\u0430 \u0447\u0438\u0442\u0430\u045a\u0435\u043c <span class=\"meta-nav\">&rarr;<\/span><\/a><\/p>\n","protected":false},"author":1,"featured_media":0,"parent":191,"menu_order":0,"comment_status":"closed","ping_status":"closed","template":"","meta":[],"_links":{"self":[{"href":"https:\/\/mppjedinstvo.co.rs\/rs\/wp-json\/wp\/v2\/pages\/1895"}],"collection":[{"href":"https:\/\/mppjedinstvo.co.rs\/rs\/wp-json\/wp\/v2\/pages"}],"about":[{"href":"https:\/\/mppjedinstvo.co.rs\/rs\/wp-json\/wp\/v2\/types\/page"}],"author":[{"embeddable":true,"href":"https:\/\/mppjedinstvo.co.rs\/rs\/wp-json\/wp\/v2\/users\/1"}],"replies":[{"embeddable":true,"href":"https:\/\/mppjedinstvo.co.rs\/rs\/wp-json\/wp\/v2\/comments?post=1895"}],"version-history":[{"count":0,"href":"https:\/\/mppjedinstvo.co.rs\/rs\/wp-json\/wp\/v2\/pages\/1895\/revisions"}],"up":[{"embeddable":true,"href":"https:\/\/mppjedinstvo.co.rs\/rs\/wp-json\/wp\/v2\/pages\/191"}],"wp:attachment":[{"href":"https:\/\/mppjedinstvo.co.rs\/rs\/wp-json\/wp\/v2\/media?parent=1895"}],"curies":[{"name":"wp","href":"https:\/\/api.w.org\/{rel}","templated":true}]}}