{"id":1906,"date":"2019-03-13T20:10:40","date_gmt":"2019-03-13T19:10:40","guid":{"rendered":"https:\/\/mppjedinstvo.co.rs\/rs\/?page_id=1906"},"modified":"2019-03-13T20:10:40","modified_gmt":"2019-03-13T19:10:40","slug":"aleksandar-duric-dipl-mas-ing-direktor-za-radove-na-teritoriji-ruske-federacije","status":"publish","type":"page","link":"https:\/\/mppjedinstvo.co.rs\/rs\/ljudski-resursi\/menadzment\/aleksandar-duric-dipl-mas-ing-direktor-za-radove-na-teritoriji-ruske-federacije\/","title":{"rendered":"Aleksandar  \u0110uri\u0107, dipl.ma\u0161.ing. &#8211; Direktor  za  radove  na teritoriji Ruske  Federacije"},"content":{"rendered":"<p>U  MPP Jedinstvo  AD  Sevojno  od 2002.god. <\/p>\n<p>Obavljao  je  poslove  \u0161efa  gradili\u0161ta  do 2010.god. kada se  raspore\u0111uje  na  poslove   Direktora  za  radove  na  teritoriji  Ruske Federacije    <\/p>\n<p><a href=\"https:\/\/mppjedinstvo.co.rs\/rs\/ljudski-resursi\/menadzment\/\">&lt;&lt; nazad<\/a><\/p>\n","protected":false},"excerpt":{"rendered":"<p>U MPP Jedinstvo AD Sevojno od 2002.god. Obavljao je poslove \u0161efa gradili\u0161ta do 2010.god. kada se raspore\u0111uje na poslove Direktora za radove na teritoriji Ruske Federacije &lt;&lt; nazad<\/p>\n","protected":false},"author":1,"featured_media":0,"parent":191,"menu_order":0,"comment_status":"closed","ping_status":"closed","template":"","meta":[],"_links":{"self":[{"href":"https:\/\/mppjedinstvo.co.rs\/rs\/wp-json\/wp\/v2\/pages\/1906"}],"collection":[{"href":"https:\/\/mppjedinstvo.co.rs\/rs\/wp-json\/wp\/v2\/pages"}],"about":[{"href":"https:\/\/mppjedinstvo.co.rs\/rs\/wp-json\/wp\/v2\/types\/page"}],"author":[{"embeddable":true,"href":"https:\/\/mppjedinstvo.co.rs\/rs\/wp-json\/wp\/v2\/users\/1"}],"replies":[{"embeddable":true,"href":"https:\/\/mppjedinstvo.co.rs\/rs\/wp-json\/wp\/v2\/comments?post=1906"}],"version-history":[{"count":0,"href":"https:\/\/mppjedinstvo.co.rs\/rs\/wp-json\/wp\/v2\/pages\/1906\/revisions"}],"up":[{"embeddable":true,"href":"https:\/\/mppjedinstvo.co.rs\/rs\/wp-json\/wp\/v2\/pages\/191"}],"wp:attachment":[{"href":"https:\/\/mppjedinstvo.co.rs\/rs\/wp-json\/wp\/v2\/media?parent=1906"}],"curies":[{"name":"wp","href":"https:\/\/api.w.org\/{rel}","templated":true}]}}