{"id":1929,"date":"2019-05-08T20:07:13","date_gmt":"2019-05-08T18:07:13","guid":{"rendered":"https:\/\/mppjedinstvo.co.rs\/rs\/?page_id=1929"},"modified":"2022-12-23T11:12:44","modified_gmt":"2022-12-23T11:12:44","slug":"arhiva","status":"publish","type":"page","link":"https:\/\/mppjedinstvo.co.rs\/rs\/media-centar\/mediji-o-nama\/arhiva\/","title":{"rendered":"Arhivirane vesti &#8211; Mediji o nama"},"content":{"rendered":"<ul class=\"wp-block-latest-posts__list wp-block-latest-posts\"><li><a class=\"wp-block-latest-posts__post-title\" href=\"https:\/\/mppjedinstvo.co.rs\/rs\/2013\/08\/21\/nastavljeni-radovi-na-zatvorenom-bazenu-u-pirotu\/\">Nastavljeni radovi na zatvorenom bazenu u Pirotu<\/a><div class=\"wp-block-latest-posts__post-excerpt\">PIROT \u2013 Posle prekida radova od godinu dana, zbog nedostatka para u Fondu za razvoj Srbije, nastavljeni su radovi na izgradnji zatvorenog bazena. U me\u0111uvremenu upla\u0107en je deo sredstava izvo\u0111a\u010du radova. Potpisani su i aneksi ugovora kojima je definisan novi rok za zavr\u0161etak radova do kraja ove godine. Prvobitni rok za njegovu izgradnju je bio &hellip; <a href=\"https:\/\/mppjedinstvo.co.rs\/rs\/2013\/08\/21\/nastavljeni-radovi-na-zatvorenom-bazenu-u-pirotu\/\">\u041d\u0430\u0441\u0442\u0430\u0432\u0438\u0442\u0435 \u0441\u0430 \u0447\u0438\u0442\u0430\u045a\u0435\u043c <span class=\"meta-nav\">&rarr;<\/span><\/a><\/div><\/li>\n<li><a class=\"wp-block-latest-posts__post-title\" href=\"https:\/\/mppjedinstvo.co.rs\/rs\/2013\/07\/22\/potpisan-ugovor-za-gradnju-vodovoda-na-severu-kosova-2\/\">Potpisan ugovor za gradnju vodovoda na severu Kosova<\/a><div class=\"wp-block-latest-posts__post-excerpt\">ZUBIN POTOK &#8211; U Zubinom Potoku danas je u prisustvu direktora vladine Kancelarije za Kosovo i Metohiju Aleksandra Vulina potpisan ugovor o realizaciji projekta izgradnje regionalnog vodovoda za tri op\u0161tine na severu Kosova. Ugovor su, pored Vulina, potpisali predsednici op\u0161tina Zubin Potok Slavi\u0161a Risti\u0107, Zve\u010dan Dragi\u0161a Milovi\u0107 i Kosovska Mirovica Dragi\u0161a Vla\u0161kovi\u0107 i predstavnik kompanije &hellip; <a href=\"https:\/\/mppjedinstvo.co.rs\/rs\/2013\/07\/22\/potpisan-ugovor-za-gradnju-vodovoda-na-severu-kosova-2\/\">\u041d\u0430\u0441\u0442\u0430\u0432\u0438\u0442\u0435 \u0441\u0430 \u0447\u0438\u0442\u0430\u045a\u0435\u043c <span class=\"meta-nav\">&rarr;<\/span><\/a><\/div><\/li>\n<li><a class=\"wp-block-latest-posts__post-title\" href=\"https:\/\/mppjedinstvo.co.rs\/rs\/2013\/07\/22\/rasinski-okrug-otvoreni-bazeni-u-varvarinu\/\">Rasinski okrug: Otvoreni bazeni u Varvarinu<\/a><div class=\"wp-block-latest-posts__post-excerpt\">U prisustvu velikog broja gra\u0111ana i gostijui danas su u Varvarinu u okviru Sportskog centra Temni\u0107 na potezu Sta\u0161ina Livada otvoreni mali i veliki bazen \u010dime je ispunjena davna\u0161nja \u017eelja Varvarinaca da imaju svoj bazen. Bazene je u prisustvu sportskih promotera op\u0161tine Varvarin najbolje rukometa\u0161ice sveta svih vremena Svetlane Cece Kiti\u0107 i proslavljenog ko\u0161arka\u0161kog reprezentativca &hellip; <a href=\"https:\/\/mppjedinstvo.co.rs\/rs\/2013\/07\/22\/rasinski-okrug-otvoreni-bazeni-u-varvarinu\/\">\u041d\u0430\u0441\u0442\u0430\u0432\u0438\u0442\u0435 \u0441\u0430 \u0447\u0438\u0442\u0430\u045a\u0435\u043c <span class=\"meta-nav\">&rarr;<\/span><\/a><\/div><\/li>\n<li><a class=\"wp-block-latest-posts__post-title\" href=\"https:\/\/mppjedinstvo.co.rs\/rs\/2013\/07\/22\/jedinstvo-iz-sevojna-ugovorilo-poslove-vredne-oko-28-mil-eur\/\">&#8222;Jedinstvo&#8220; iz Sevojna ugovorilo poslove vredne oko 28 mil EUR<\/a><div class=\"wp-block-latest-posts__post-excerpt\">Kompanija &#8222;Jedinstvo&#8220; iz Sevojna potpisala je 16. jula u Zubinom potoku ugovor sa op\u0161tinama sa severa Kosova za izvo\u0111enje radova na vodosnabdevanju tih op\u0161tina. Vrednost posla je 10.523.570 EUR (bez PDV-a), saop\u0161tilo je &#8222;Jedinstvo&#8220;. Rok izvo\u0111enja radova je 18 meseci. Iz ovog preduze\u0107a za &#8222;eKapiju&#8220; ka\u017eu i da je samo dan ranije u Varvarinu pu\u0161ten &hellip; <a href=\"https:\/\/mppjedinstvo.co.rs\/rs\/2013\/07\/22\/jedinstvo-iz-sevojna-ugovorilo-poslove-vredne-oko-28-mil-eur\/\">\u041d\u0430\u0441\u0442\u0430\u0432\u0438\u0442\u0435 \u0441\u0430 \u0447\u0438\u0442\u0430\u045a\u0435\u043c <span class=\"meta-nav\">&rarr;<\/span><\/a><\/div><\/li>\n<li><a class=\"wp-block-latest-posts__post-title\" href=\"https:\/\/mppjedinstvo.co.rs\/rs\/2013\/06\/04\/jedinstvo-iz-sevojna-pobedilo-na-tenderima-vrednim-572-mil-eur\/\">Jedinstvo iz Sevojna pobedilo na tenderima vrednim 57,2 mil EUR<\/a><div class=\"wp-block-latest-posts__post-excerpt\">Preduze\u0107e &#8222;Jedinstvo&#8220; iz Sevojna saop\u0161tilo je da je pobedilo na tenderima u Sloveniji, a poslovi su vredni 32 mil EUR. Re\u010d je o radovima na vodosnadbevanju op\u0161tina Lendava, \u010cren\u0161ovci, Velika polana, Turni\u0161\u010de, Odranci, Dobrovnik i Kobilje. Kako je saop\u0161teno, na tom poslu \u0107e biti anga\u017eovano vi\u0161e od 200 radnika u narednih godinu i po dana. &hellip; <a href=\"https:\/\/mppjedinstvo.co.rs\/rs\/2013\/06\/04\/jedinstvo-iz-sevojna-pobedilo-na-tenderima-vrednim-572-mil-eur\/\">\u041d\u0430\u0441\u0442\u0430\u0432\u0438\u0442\u0435 \u0441\u0430 \u0447\u0438\u0442\u0430\u045a\u0435\u043c <span class=\"meta-nav\">&rarr;<\/span><\/a><\/div><\/li>\n<li><a class=\"wp-block-latest-posts__post-title\" href=\"https:\/\/mppjedinstvo.co.rs\/rs\/2013\/02\/07\/otvorene-ponude-za-vodovodno-kanalizacioni-tender\/\">Otvorene ponude za vodovodno-kanalizacioni tender<\/a><div class=\"wp-block-latest-posts__post-excerpt\">Danas su u Op\u0161tini Bar otvorene finansijske ponude pristigle na tender za izgradnju vodovodne i kanalizacione infrastrukture. Odabirom najpovoljnijeg izvo\u0111a\u010da bi\u0107e okon\u010dana druga faza tenderskog postupka u okviru projekta \u201cPobolj\u0161anje vodosnabdijevanja i odvo\u0111enja otpadnih voda u op\u0161tini Bar\u201d koji zajedni\u010dki realizuju barska lokalna uprava, JP Vodovod i kanalizacija i Vodacom, u saradnji sa Vladom Crne &hellip; <a href=\"https:\/\/mppjedinstvo.co.rs\/rs\/2013\/02\/07\/otvorene-ponude-za-vodovodno-kanalizacioni-tender\/\">\u041d\u0430\u0441\u0442\u0430\u0432\u0438\u0442\u0435 \u0441\u0430 \u0447\u0438\u0442\u0430\u045a\u0435\u043c <span class=\"meta-nav\">&rarr;<\/span><\/a><\/div><\/li>\n<li><a class=\"wp-block-latest-posts__post-title\" href=\"https:\/\/mppjedinstvo.co.rs\/rs\/2012\/07\/21\/za-otpadne-vode-82-miliona-eura\/\">Za otpadne vode 8,2 miliona eura<\/a><div class=\"wp-block-latest-posts__post-excerpt\">KOTOR &#8211; Ministar odr\u017eivog razvoja i turizma Predrag Sekuli\u0107 i gradona\u010delnica Kotora Marija \u0106atovi\u0107, u prisustvu njema\u010dkog ambasadora u Crnoj Gori Petera Platea i izvr\u0161nog direktora kompanije Vodakom Borisa Vukovi\u0107a, ju\u010de su u naselju Dobrota ozna\u010dili po\u010detak radova na izgradnji kanalizacione mre\u017ee. Radovi su segment tre\u0107e faze izgradnje vodovodne i kanalizacione mre\u017ee u op\u0161tini Kotor, &hellip; <a href=\"https:\/\/mppjedinstvo.co.rs\/rs\/2012\/07\/21\/za-otpadne-vode-82-miliona-eura\/\">\u041d\u0430\u0441\u0442\u0430\u0432\u0438\u0442\u0435 \u0441\u0430 \u0447\u0438\u0442\u0430\u045a\u0435\u043c <span class=\"meta-nav\">&rarr;<\/span><\/a><\/div><\/li>\n<li><a class=\"wp-block-latest-posts__post-title\" href=\"https:\/\/mppjedinstvo.co.rs\/rs\/2012\/06\/15\/bazen-u-babusnici-bice-zavrsen-posle-15-godina\/\">Bazen u Babu\u0161nici bi\u0107e zavr\u0161en posle 15 godina<\/a><div class=\"wp-block-latest-posts__post-excerpt\">BABU\u0160NICA &#8211; Kupali\u0161ni kompleks u Babu\u0161nici, \u010dija je izgradnja po\u010dela jo\u0161 pre 15 godina, trebalo bi da bude zavr\u0161en za dva meseca, najavili su predstavnici op\u0161tine i preduze\u0107a &#8222;Jedinstvo&#8220; koje treba da zavr\u0161i objekat Vrednost radova je 78,4 miliona dinara, a ugovor o izgradnji potpisali su predsednik op\u0161tine Babu\u0161nica Zlatko Aleksi\u0107 i generalni direktor &#8222;Jedinstva&#8220; &hellip; <a href=\"https:\/\/mppjedinstvo.co.rs\/rs\/2012\/06\/15\/bazen-u-babusnici-bice-zavrsen-posle-15-godina\/\">\u041d\u0430\u0441\u0442\u0430\u0432\u0438\u0442\u0435 \u0441\u0430 \u0447\u0438\u0442\u0430\u045a\u0435\u043c <span class=\"meta-nav\">&rarr;<\/span><\/a><\/div><\/li>\n<li><a class=\"wp-block-latest-posts__post-title\" href=\"https:\/\/mppjedinstvo.co.rs\/rs\/2012\/05\/11\/stara-pazova-bazeni-vredni-500-miliona\/\">Stara Pazova: Bazeni vredni 500 miliona<\/a><div class=\"wp-block-latest-posts__post-excerpt\">STARA PAZOVA &#8211; Direkcija za izgradnju op\u0161tine Stara Pazova, potpisivanjem ugovora sa izvo\u0111a\u010dem radova, konzorcijumom &#8222;Jedinstvo&#8220; iz Sevojna, po\u010dela je gradnju kompleksa sportsko-rekreacionih bazena. Izme\u0111u Stare i Nove Pazove, na povr\u0161ini od blizu tri hektara, bi\u0107e izgra\u0111eno sedam bazena, od onih za decu do olimpijskog, uz ulaganja ve\u0107a od 500 miliona dinara.<\/div><\/li>\n<li><a class=\"wp-block-latest-posts__post-title\" href=\"https:\/\/mppjedinstvo.co.rs\/rs\/2012\/04\/30\/otvoren-sportsko-rekreativni-kompleks-prozivka-u-subotici\/\">Otvoren sportsko rekreativni kompleks Prozivka u Subotici<\/a><div class=\"wp-block-latest-posts__post-excerpt\">Trideset i \u0161est dana, 23 sata i 19 minuta pre zadatog roka od 180 dana, zavr\u0161ena je izgradnja i otvoren objekat bazena pod zvani\u010dnim nazivom \u201cSportsko rekreativni centar Prozivka\u201d. Ba\u0161 kao i prilikom po\u010detka radova, ovoga puta sve\u010danim zaustavljanjem sata ozna\u010den je kraj radova i otvoren zatvoreni bazen u naselju Prozivka. Otvaranje bazena, nakon decenija &hellip; <a href=\"https:\/\/mppjedinstvo.co.rs\/rs\/2012\/04\/30\/otvoren-sportsko-rekreativni-kompleks-prozivka-u-subotici\/\">\u041d\u0430\u0441\u0442\u0430\u0432\u0438\u0442\u0435 \u0441\u0430 \u0447\u0438\u0442\u0430\u045a\u0435\u043c <span class=\"meta-nav\">&rarr;<\/span><\/a><\/div><\/li>\n<li><a class=\"wp-block-latest-posts__post-title\" href=\"https:\/\/mppjedinstvo.co.rs\/rs\/2012\/04\/06\/obnova-specijalne-bolnice-bukovicka-banja\/\">Obnova Specijalne bolnice &#8222;Bukovi\u010dka banja&#8220;<\/a><div class=\"wp-block-latest-posts__post-excerpt\">Potpisivanjem ugovora izme\u0111u op\u0161tine Aran\u0111elovac i Monta\u017eno-proizvodnog preduze\u0107a &#8222;Jedinstvo&#8220; iz Sevojna, kao izvo\u0111a\u010da radova, u parku Bukovi\u010dke banje po\u010dinje prva faza rekonstrukcije i adaptacije Specijalne bolnice &#8222;Bukovi\u010dka banja&#8220;.\u00a0To je i po\u010detak revitalizacije celokupnog banjskog kompleksa, rekao je predsednik op\u0161tine Vlada Gaji\u0107, a sredstva za pomenute radove od 47 miliona dinara obezbe\u0111ena su iz Fonda za &hellip; <a href=\"https:\/\/mppjedinstvo.co.rs\/rs\/2012\/04\/06\/obnova-specijalne-bolnice-bukovicka-banja\/\">\u041d\u0430\u0441\u0442\u0430\u0432\u0438\u0442\u0435 \u0441\u0430 \u0447\u0438\u0442\u0430\u045a\u0435\u043c <span class=\"meta-nav\">&rarr;<\/span><\/a><\/div><\/li>\n<li><a class=\"wp-block-latest-posts__post-title\" href=\"https:\/\/mppjedinstvo.co.rs\/rs\/2012\/03\/24\/pajtic-otvorio-petu-etazu-zrenjaninske-bolnice\/\">Pajti\u0107 otvorio petu eta\u017eu Zrenjaninske bolnice<\/a><div class=\"wp-block-latest-posts__post-excerpt\">&#8211; Pored izgradnje nove Medicinske \u0161kole u Zrenjaninu, poslednjih godina veliku pa\u017enju posvetili smo zdravstvu u srednjem Banatu. U Bolnicu u Zrenjaninu investirali smo medicinsku opremu vrednu preko 100 miliona dinara, a u\u010destvova\u0107emo i u daljem unapre\u0111enju rada Zdravstvenog centra. U Vojvodini niko ne sme biti upla\u0161en da mu ne\u0107e biti pru\u017eena adekvatna medicinska nega. &hellip; <a href=\"https:\/\/mppjedinstvo.co.rs\/rs\/2012\/03\/24\/pajtic-otvorio-petu-etazu-zrenjaninske-bolnice\/\">\u041d\u0430\u0441\u0442\u0430\u0432\u0438\u0442\u0435 \u0441\u0430 \u0447\u0438\u0442\u0430\u045a\u0435\u043c <span class=\"meta-nav\">&rarr;<\/span><\/a><\/div><\/li>\n<li><a class=\"wp-block-latest-posts__post-title\" href=\"https:\/\/mppjedinstvo.co.rs\/rs\/2012\/03\/14\/dividenda-za-akcionare-jedinstva-iz-sevojna\/\">Dividenda za akcionare &#8222;Jedinstva&#8220; iz Sevojna<\/a><div class=\"wp-block-latest-posts__post-excerpt\">Svi koji su bili akcionari &#8222;Jedinstva&#8220; iz Sevojna 31. decembra pro\u0161le godine dobi\u0107e po svakoj deonici dividendu od 600 dinara, odlu\u010deno je na redovnoj skup\u0161tini akcioanra ovog proizvodno-monta\u017enog preduze\u0107a koje \u0107e dividendu isplatiti najkasnije do 11. aprila.<\/div><\/li>\n<li><a class=\"wp-block-latest-posts__post-title\" href=\"https:\/\/mppjedinstvo.co.rs\/rs\/2012\/02\/28\/za-radove-u-sociju-potrebno-jos-2-000-radnika\/\">Za radove u So\u010diju potrebno jo\u0161 2.000 radnika<\/a><div class=\"wp-block-latest-posts__post-excerpt\">Na poslovima gradnje olimpijskih objekata u So\u010diju, &#8222;Putevima U\u017eice&#8220; pored ve\u0107 anga\u017eovanih 3.000 radnika potrebno je jo\u0161 najmanje 2.000 ljudi, rekao je agenciji Beta direktor ove gra\u0111evinske firme Milan Bojovi\u0107. On je naveo da &#8222;Putevi&#8220; te\u017ee da bar polovina potrebnih radnika bude iz Srbije i da \u0107e gradnja ovih objekata sa sobom &#8222;povu\u0107i&#8220; i izvoz &hellip; <a href=\"https:\/\/mppjedinstvo.co.rs\/rs\/2012\/02\/28\/za-radove-u-sociju-potrebno-jos-2-000-radnika\/\">\u041d\u0430\u0441\u0442\u0430\u0432\u0438\u0442\u0435 \u0441\u0430 \u0447\u0438\u0442\u0430\u045a\u0435\u043c <span class=\"meta-nav\">&rarr;<\/span><\/a><\/div><\/li>\n<\/ul>","protected":false},"excerpt":{"rendered":"","protected":false},"author":1,"featured_media":0,"parent":184,"menu_order":0,"comment_status":"closed","ping_status":"closed","template":"","meta":[],"_links":{"self":[{"href":"https:\/\/mppjedinstvo.co.rs\/rs\/wp-json\/wp\/v2\/pages\/1929"}],"collection":[{"href":"https:\/\/mppjedinstvo.co.rs\/rs\/wp-json\/wp\/v2\/pages"}],"about":[{"href":"https:\/\/mppjedinstvo.co.rs\/rs\/wp-json\/wp\/v2\/types\/page"}],"author":[{"embeddable":true,"href":"https:\/\/mppjedinstvo.co.rs\/rs\/wp-json\/wp\/v2\/users\/1"}],"replies":[{"embeddable":true,"href":"https:\/\/mppjedinstvo.co.rs\/rs\/wp-json\/wp\/v2\/comments?post=1929"}],"version-history":[{"count":2,"href":"https:\/\/mppjedinstvo.co.rs\/rs\/wp-json\/wp\/v2\/pages\/1929\/revisions"}],"predecessor-version":[{"id":3713,"href":"https:\/\/mppjedinstvo.co.rs\/rs\/wp-json\/wp\/v2\/pages\/1929\/revisions\/3713"}],"up":[{"embeddable":true,"href":"https:\/\/mppjedinstvo.co.rs\/rs\/wp-json\/wp\/v2\/pages\/184"}],"wp:attachment":[{"href":"https:\/\/mppjedinstvo.co.rs\/rs\/wp-json\/wp\/v2\/media?parent=1929"}],"curies":[{"name":"wp","href":"https:\/\/api.w.org\/{rel}","templated":true}]}}