{"id":2410,"date":"2011-09-17T13:29:35","date_gmt":"2011-09-17T13:29:35","guid":{"rendered":"https:\/\/mppjedinstvo.co.rs\/?page_id=5"},"modified":"2025-10-11T14:33:45","modified_gmt":"2025-10-11T14:33:45","slug":"istorijat","status":"publish","type":"page","link":"https:\/\/mppjedinstvo.co.rs\/rs\/o-kompaniji\/istorijat\/","title":{"rendered":"Istorijat"},"content":{"rendered":"<p><img decoding=\"async\" loading=\"lazy\" class=\"size-medium wp-image-3469 alignright\" src=\"https:\/\/mppjedinstvo.co.rs\/rs\/wp-content\/uploads\/sites\/2\/2011\/09\/Vodovod-Labin-Hrvatska-3-196x300.jpg\" alt=\"\" width=\"196\" height=\"300\" srcset=\"https:\/\/mppjedinstvo.co.rs\/rs\/wp-content\/uploads\/sites\/2\/2011\/09\/Vodovod-Labin-Hrvatska-3-196x300.jpg 196w, https:\/\/mppjedinstvo.co.rs\/rs\/wp-content\/uploads\/sites\/2\/2011\/09\/Vodovod-Labin-Hrvatska-3.jpg 199w\" sizes=\"(max-width: 196px) 100vw, 196px\" \/>Monta\u017eno proizvodno preduze\u0107e Jedinstvo je osnovano 1947. godine sa sedi\u0161tem u U\u017eicu, a osnovna delatnost je projektovanje i izvo\u0111enje hidro, termo i gasnih instalacija. Tokom svog razvoja Jedinstvo je aktivno u\u010destvovalo u projektovanju i realizaciji velikog broja projekata izgradnje objekata u saradnji sa nau\u010dnim institucijama, fakultetima i velikim projektnim organizacijama u zemlji, na zadovoljstvo investitora.<\/p>\n<p>Jedinstvo \u00a0od osnivanja posluje na inostranim tr\u017ei\u0161tima.<\/p>\n<p><img decoding=\"async\" loading=\"lazy\" class=\"size-full wp-image-3462 alignleft\" src=\"https:\/\/mppjedinstvo.co.rs\/rs\/wp-content\/uploads\/sites\/2\/2011\/09\/Vodovod-Labin-Hrvatska-1.jpg\" alt=\"\" width=\"200\" height=\"289\" \/>Ekspanziju poslovanja Jedinstvo \u00a0bele\u017ei nakon privatizacije,kada su zaposleni i biv\u0161i zaposleni kompanije postali vlasnici kontrolnog paketa akcija. Jedinstvo je poslednjih nekoliko godina iz sopstvenih sredstava investiralo vi\u0161e od\u00a025 miliona evra za kupovinu opreme, izgradnju proizvodnog prostora, kupovinu drugih preduze\u0107a tako da poseduje sopstvene resurse za radove koje izvodi.<\/p>\n","protected":false},"excerpt":{"rendered":"<p>Monta\u017eno proizvodno preduze\u0107e Jedinstvo je osnovano 1947. godine sa sedi\u0161tem u U\u017eicu, a osnovna delatnost je projektovanje i izvo\u0111enje hidro, termo i gasnih instalacija. Tokom svog razvoja Jedinstvo je aktivno u\u010destvovalo u projektovanju i realizaciji velikog broja projekata izgradnje objekata &hellip; <a href=\"https:\/\/mppjedinstvo.co.rs\/rs\/o-kompaniji\/istorijat\/\">\u041d\u0430\u0441\u0442\u0430\u0432\u0438\u0442\u0435 \u0441\u0430 \u0447\u0438\u0442\u0430\u045a\u0435\u043c <span class=\"meta-nav\">&rarr;<\/span><\/a><\/p>\n","protected":false},"author":1,"featured_media":0,"parent":35,"menu_order":0,"comment_status":"closed","ping_status":"closed","template":"","meta":[],"_links":{"self":[{"href":"https:\/\/mppjedinstvo.co.rs\/rs\/wp-json\/wp\/v2\/pages\/2410"}],"collection":[{"href":"https:\/\/mppjedinstvo.co.rs\/rs\/wp-json\/wp\/v2\/pages"}],"about":[{"href":"https:\/\/mppjedinstvo.co.rs\/rs\/wp-json\/wp\/v2\/types\/page"}],"author":[{"embeddable":true,"href":"https:\/\/mppjedinstvo.co.rs\/rs\/wp-json\/wp\/v2\/users\/1"}],"replies":[{"embeddable":true,"href":"https:\/\/mppjedinstvo.co.rs\/rs\/wp-json\/wp\/v2\/comments?post=2410"}],"version-history":[{"count":3,"href":"https:\/\/mppjedinstvo.co.rs\/rs\/wp-json\/wp\/v2\/pages\/2410\/revisions"}],"predecessor-version":[{"id":4080,"href":"https:\/\/mppjedinstvo.co.rs\/rs\/wp-json\/wp\/v2\/pages\/2410\/revisions\/4080"}],"up":[{"embeddable":true,"href":"https:\/\/mppjedinstvo.co.rs\/rs\/wp-json\/wp\/v2\/pages\/35"}],"wp:attachment":[{"href":"https:\/\/mppjedinstvo.co.rs\/rs\/wp-json\/wp\/v2\/media?parent=2410"}],"curies":[{"name":"wp","href":"https:\/\/api.w.org\/{rel}","templated":true}]}}