{"id":2461,"date":"2011-09-17T13:32:31","date_gmt":"2011-09-17T13:32:31","guid":{"rendered":"https:\/\/mppjedinstvo.co.rs\/?page_id=8"},"modified":"2011-09-17T13:32:31","modified_gmt":"2011-09-17T13:32:31","slug":"jedinstvo-metalogradnja","status":"publish","type":"page","link":"https:\/\/mppjedinstvo.co.rs\/rs\/o-kompaniji\/kompanija-danas\/jedinstvo-metalogradnja\/","title":{"rendered":"Jedinstvo Metalogradnja"},"content":{"rendered":"<p>Zavisno preduze\u0107e Jedinstvo\u2013 Metalogradnja osnovano je 1947. godine.\u00a0 Posluje kao javno akcionarsko dru\u0161tvo. Pored mati\u010dne kompanije Jedinstvo, koja poseduje 52,8% akcija, najve\u0107i broj preostalih akcionara su sada\u0161nji i biv\u0161i zaposleni u kompaniji.<\/p>\n<p>Delatnost preduze\u0107a je izgradnju objekata razli\u010ditih namena, kako tipskih tako prema individualnim zahtevima:<\/p>\n<p>&#8211; proizvodne hale, skladi\u0161ta, hladnja\u010de,<br \/>\n&#8211; sportske hale, teniski tereni,<br \/>\n&#8211; stambeni, poslovni i trgovinski objekti,<br \/>\n&#8211; \u010deli\u010dni i energetski mostovi i regalna skladi\u0161ta,<br \/>\n&#8211; monta\u017ea krovnih pokriva\u010da, fasada i plafona od sendvi\u010d panela sa kamenom vunom i \u00a0\u00a0poliuretanom raznih evropskih proizvo\u0111a\u010da,<br \/>\n&#8211; monta\u017ea krovnih pokriva\u010da od hidroizolacione membrane,<br \/>\n&#8211; izvo\u0111enje klasi\u010dnih limarskih i bravarskih radova,<br \/>\n&#8211; rekonstrukcija ravnih krovova sa \u010deli\u010dnom podkonstrukcijom i pokriva\u010dem od \u010deli\u010dnog ili aluminijumskog lima.<\/p>\n\n<table border=\"0\" width=\"345\" cellspacing=\"0\" cellpadding=\"0\">\n<tbody>\n<tr>\n<th colspan=\"2\" valign=\"bottom\" nowrap=\"nowrap\" width=\"345\">OSNOVNI PODACI O DRU\u0160TVU<\/th>\n<\/tr>\n<tr>\n<td valign=\"top\" width=\"112\"><strong>Poslovno ime<\/strong><\/td>\n<td valign=\"top\" width=\"233\">Jedinstvo-Metalogradnja ad Sevojno<\/td>\n<\/tr>\n<tr>\n<td rowspan=\"2\" valign=\"top\" width=\"112\"><strong>Sedi\u0161te<\/strong><\/td>\n<td valign=\"top\" width=\"233\">Prvomajska bb,<\/td>\n<\/tr>\n<tr>\n<td valign=\"top\" width=\"233\">31205 Sevojno<\/td>\n<\/tr>\n<tr>\n<td valign=\"top\" width=\"112\"><strong>Telefon<\/strong><\/td>\n<td valign=\"top\" width=\"233\">381 (0)31 532 555<\/td>\n<\/tr>\n<tr>\n<td valign=\"top\" width=\"112\"><strong>Faks<\/strong><\/td>\n<td valign=\"top\" width=\"233\">381 (0)31 533 668<\/td>\n<\/tr>\n<tr>\n<td valign=\"top\" width=\"112\"><strong>Web Sajt<\/strong><\/td>\n<td valign=\"top\" width=\"233\"><a href=\"https:\/\/j-metalogradnja.rs\/\">j-metalogradnja.rs<\/a><\/td>\n<\/tr>\n<tr>\n<td valign=\"top\" width=\"112\"><strong>e-mail<\/strong><\/td>\n<td valign=\"top\" width=\"233\"><a href=\"mailto:office@j-metalogradnja.rs\">office@j-metalogradnja.rs<\/a><\/td>\n<\/tr>\n<tr>\n<td rowspan=\"2\" valign=\"top\" width=\"112\"><strong>\u0160ifra delatnosti<\/strong><\/td>\n<td valign=\"top\" width=\"233\">4391<\/td>\n<\/tr>\n<tr>\n<td valign=\"top\" width=\"233\">Krovni radovi<\/td>\n<\/tr>\n<tr>\n<td valign=\"top\" width=\"112\"><strong>Mati\u010dni broj<\/strong><\/td>\n<td valign=\"top\" width=\"233\">07188315<\/td>\n<\/tr>\n<tr>\n<td valign=\"top\" width=\"112\"><strong>PIB<\/strong><\/td>\n<td valign=\"top\" width=\"233\">101779416<\/td>\n<\/tr>\n<tr>\n<td valign=\"top\" width=\"112\"><strong>\u017diro ra\u010dun: <\/strong><\/td>\n<td valign=\"top\" width=\"233\">Banca Intesa, 160-98230-72<\/td>\n<\/tr>\n<\/tbody>\n<\/table>\n","protected":false},"excerpt":{"rendered":"<p>Zavisno preduze\u0107e Jedinstvo\u2013 Metalogradnja osnovano je 1947. godine.\u00a0 Posluje kao javno akcionarsko dru\u0161tvo. Pored mati\u010dne kompanije Jedinstvo, koja poseduje 52,8% akcija, najve\u0107i broj preostalih akcionara su sada\u0161nji i biv\u0161i zaposleni u kompaniji. Delatnost preduze\u0107a je izgradnju objekata razli\u010ditih namena, kako &hellip; <a href=\"https:\/\/mppjedinstvo.co.rs\/rs\/o-kompaniji\/kompanija-danas\/jedinstvo-metalogradnja\/\">\u041d\u0430\u0441\u0442\u0430\u0432\u0438\u0442\u0435 \u0441\u0430 \u0447\u0438\u0442\u0430\u045a\u0435\u043c <span class=\"meta-nav\">&rarr;<\/span><\/a><\/p>\n","protected":false},"author":1,"featured_media":0,"parent":33,"menu_order":0,"comment_status":"closed","ping_status":"closed","template":"","meta":[],"_links":{"self":[{"href":"https:\/\/mppjedinstvo.co.rs\/rs\/wp-json\/wp\/v2\/pages\/2461"}],"collection":[{"href":"https:\/\/mppjedinstvo.co.rs\/rs\/wp-json\/wp\/v2\/pages"}],"about":[{"href":"https:\/\/mppjedinstvo.co.rs\/rs\/wp-json\/wp\/v2\/types\/page"}],"author":[{"embeddable":true,"href":"https:\/\/mppjedinstvo.co.rs\/rs\/wp-json\/wp\/v2\/users\/1"}],"replies":[{"embeddable":true,"href":"https:\/\/mppjedinstvo.co.rs\/rs\/wp-json\/wp\/v2\/comments?post=2461"}],"version-history":[{"count":0,"href":"https:\/\/mppjedinstvo.co.rs\/rs\/wp-json\/wp\/v2\/pages\/2461\/revisions"}],"up":[{"embeddable":true,"href":"https:\/\/mppjedinstvo.co.rs\/rs\/wp-json\/wp\/v2\/pages\/33"}],"wp:attachment":[{"href":"https:\/\/mppjedinstvo.co.rs\/rs\/wp-json\/wp\/v2\/media?parent=2461"}],"curies":[{"name":"wp","href":"https:\/\/api.w.org\/{rel}","templated":true}]}}