{"id":2463,"date":"2011-09-17T13:32:58","date_gmt":"2011-09-17T11:32:58","guid":{"rendered":"https:\/\/mppjedinstvo.co.rs\/?page_id=12"},"modified":"2024-12-03T15:41:10","modified_gmt":"2024-12-03T15:41:10","slug":"uzice-gas","status":"publish","type":"page","link":"https:\/\/mppjedinstvo.co.rs\/rs\/o-kompaniji\/kompanija-danas\/uzice-gas\/","title":{"rendered":"U\u017eice-gas"},"content":{"rendered":"<p>Akcionarsko dru\u0161tvo U\u017eice-gas je osnovano 2007. godine u U\u017eicu. \u00a0Akcionari i osniva\u010di su Op\u0161tina U\u017eice i Jedinstvo. Osnovne delatnosti akcionarskog dru\u0161tva\u00a0U\u017eice gas\u00a0su:<\/p>\n<p>&#8211; Izgradnja gasovoda,<br \/>\n&#8211; Distribucija prirodnog gasa,<br \/>\n&#8211; Upravljanje distributivnim sistemom za prirodni gas,<br \/>\n&#8211; Trgovina na malo prirodnim gasom za potrebe tarifnih kupaca<\/p>\n\n<table border=\"0\" width=\"387\" cellspacing=\"0\" cellpadding=\"0\">\n<tbody>\n<tr>\n<th colspan=\"2\" valign=\"bottom\" nowrap=\"nowrap\">OSNOVNI PODACI O DRU\u0160TVU<\/th>\n<\/tr>\n<tr>\n<td valign=\"top\" width=\"112\"><strong>Poslovno ime<\/strong><\/td>\n<td valign=\"top\" width=\"275\">\u00a0AD &#8222;U\u017dICE-GAS&#8220;<\/td>\n<\/tr>\n<tr>\n<td rowspan=\"2\" valign=\"top\" width=\"112\"><strong>Sedi\u0161te<\/strong><\/td>\n<td valign=\"top\" width=\"275\">Ul. prvomajska 61B,<\/td>\n<\/tr>\n<tr>\n<td valign=\"top\" width=\"275\">31205 Sevojno<\/td>\n<\/tr>\n<tr>\n<td valign=\"top\" width=\"112\"><strong>Telefon<\/strong><\/td>\n<td valign=\"top\" width=\"275\">381 (0)31 521 662<\/td>\n<\/tr>\n<tr>\n<td valign=\"top\" width=\"112\"><strong>Faks<\/strong><\/td>\n<td valign=\"top\" width=\"275\">381(0)31 521 668<\/td>\n<\/tr>\n<tr>\n<td valign=\"top\" width=\"112\"><strong>e-mail<\/strong><\/td>\n<td valign=\"top\" width=\"275\"><a href=\"mailto:uzicegas@uzicegas.rs\" target=\"_blank\" rel=\"nofollow noopener noreferrer\">uzicegas@uzicegas.rs<\/a><\/td>\n<\/tr>\n<tr>\n<td rowspan=\"2\" valign=\"top\" width=\"112\"><strong>\u0160ifra delatnosti<\/strong><\/td>\n<td valign=\"top\" width=\"275\">3522<\/td>\n<\/tr>\n<tr>\n<td valign=\"top\" width=\"275\">Distribucija gasovitih goriva gasovodom<\/td>\n<\/tr>\n<tr>\n<td valign=\"top\" width=\"112\"><strong>Mati\u010dni broj<\/strong><\/td>\n<td valign=\"top\" width=\"275\">20305444<\/td>\n<\/tr>\n<tr>\n<td valign=\"top\" width=\"112\"><strong>PIB<\/strong><\/td>\n<td valign=\"top\" width=\"275\">105077040<\/td>\n<\/tr>\n<tr>\n<td valign=\"top\" width=\"112\"><strong>\u017diro ra\u010dun: <\/strong><\/td>\n<td valign=\"top\" width=\"275\">Banca Intesa, 160-278315-10<\/td>\n<\/tr>\n<\/tbody>\n<\/table>\n<p><strong><em>\u00a0<\/em><\/strong><\/p>\n","protected":false},"excerpt":{"rendered":"<p>Akcionarsko dru\u0161tvo U\u017eice-gas je osnovano 2007. godine u U\u017eicu. \u00a0Akcionari i osniva\u010di su Op\u0161tina U\u017eice i Jedinstvo. Osnovne delatnosti akcionarskog dru\u0161tva\u00a0U\u017eice gas\u00a0su: &#8211; Izgradnja gasovoda, &#8211; Distribucija prirodnog gasa, &#8211; Upravljanje distributivnim sistemom za prirodni gas, &#8211; Trgovina na malo &hellip; <a href=\"https:\/\/mppjedinstvo.co.rs\/rs\/o-kompaniji\/kompanija-danas\/uzice-gas\/\">\u041d\u0430\u0441\u0442\u0430\u0432\u0438\u0442\u0435 \u0441\u0430 \u0447\u0438\u0442\u0430\u045a\u0435\u043c <span class=\"meta-nav\">&rarr;<\/span><\/a><\/p>\n","protected":false},"author":1,"featured_media":0,"parent":33,"menu_order":2,"comment_status":"closed","ping_status":"closed","template":"","meta":[],"_links":{"self":[{"href":"https:\/\/mppjedinstvo.co.rs\/rs\/wp-json\/wp\/v2\/pages\/2463"}],"collection":[{"href":"https:\/\/mppjedinstvo.co.rs\/rs\/wp-json\/wp\/v2\/pages"}],"about":[{"href":"https:\/\/mppjedinstvo.co.rs\/rs\/wp-json\/wp\/v2\/types\/page"}],"author":[{"embeddable":true,"href":"https:\/\/mppjedinstvo.co.rs\/rs\/wp-json\/wp\/v2\/users\/1"}],"replies":[{"embeddable":true,"href":"https:\/\/mppjedinstvo.co.rs\/rs\/wp-json\/wp\/v2\/comments?post=2463"}],"version-history":[{"count":1,"href":"https:\/\/mppjedinstvo.co.rs\/rs\/wp-json\/wp\/v2\/pages\/2463\/revisions"}],"predecessor-version":[{"id":3992,"href":"https:\/\/mppjedinstvo.co.rs\/rs\/wp-json\/wp\/v2\/pages\/2463\/revisions\/3992"}],"up":[{"embeddable":true,"href":"https:\/\/mppjedinstvo.co.rs\/rs\/wp-json\/wp\/v2\/pages\/33"}],"wp:attachment":[{"href":"https:\/\/mppjedinstvo.co.rs\/rs\/wp-json\/wp\/v2\/media?parent=2463"}],"curies":[{"name":"wp","href":"https:\/\/api.w.org\/{rel}","templated":true}]}}