{"id":2509,"date":"2022-12-04T18:50:28","date_gmt":"2022-12-04T18:50:28","guid":{"rendered":"https:\/\/mppjedinstvo.co.rs\/rs\/?page_id=2509"},"modified":"2026-04-03T14:23:00","modified_gmt":"2026-04-03T14:23:00","slug":"pocetna","status":"publish","type":"page","link":"https:\/\/mppjedinstvo.co.rs\/rs\/","title":{"rendered":""},"content":{"rendered":"\n<div class=\"is-layout-flex wp-container-9 wp-block-columns change-plc-col\">\n<div class=\"is-layout-flow wp-block-column left-sidebar has-background\" style=\"background-color:#f5f4f4;flex-basis:38%\">\n<div class=\"is-layout-flex wp-container-2 wp-block-columns\">\n<div class=\"is-layout-flow wp-block-column h-left\">\n<h2 class=\"h-left\">\u010cLANICE GRUPACIJE<\/h2>\n\n\n\n<ul>\n<li><a href=\"https:\/\/mppjedinstvo.co.rs\/rs\/o-kompaniji\/kompanija-danas\/jedinstvo-metalogradnja\/\" data-type=\"page\" data-id=\"8\">Jedinstvo Metalogradnja<\/a><\/li>\n\n\n\n<li><a href=\"https:\/\/mppjedinstvo.co.rs\/rs\/o-kompaniji\/kompanija-danas\/uzice-gas\/\" data-type=\"page\" data-id=\"12\">U\u017eice gas<\/a><\/li>\n\n\n\n<li><a href=\"https:\/\/mppjedinstvo.co.rs\/rs\/o-kompaniji\/kompanija-danas\/zlatibor-gas\/\" data-type=\"page\" data-id=\"14\">Zlatibor gas<\/a><\/li>\n\n\n\n<li><a href=\"https:\/\/mppjedinstvo.co.rs\/rs\/o-kompaniji\/kompanija-danas\/jedinstvo-podgorica\/\" data-type=\"page\" data-id=\"18\">Jedinstvo Podgorica<\/a><\/li>\n\n\n\n<li><a href=\"#\">Livnica Po\u017eega<\/a><\/li>\n\n\n\n<li><a href=\"#\">Metaling \u2013 Eko doo<\/a><\/li>\n\n\n\n<li><a href=\"https:\/\/mppjedinstvo.co.rs\/rs\/o-kompaniji\/kompanija-danas\/auto-kuca-raketa\/\" data-type=\"page\" data-id=\"10\">Auto ku\u0107a Raketa<\/a><\/li>\n<\/ul>\n<\/div>\n<\/div>\n\n\n\n<div class=\"is-layout-flex wp-container-4 wp-block-columns\">\n<div class=\"is-layout-flow wp-block-column h-con\">\n<h2 class=\"h-con\">NAJNOVIJI PROJEKTI<\/h2>\n\n\n<ul class=\"wp-block-latest-posts__list projects wp-block-latest-posts\"><li><a class=\"wp-block-latest-posts__post-title\" href=\"https:\/\/mppjedinstvo.co.rs\/rs\/2022\/12\/26\/regionalni-vodovod-makis-mladenovac-6-etapa-prikljucak-za-umcare-i-pudarce\/\">Regionalni vodovod Maki\u0161-Mladenovac &#8211; 6. etapa, priklju\u010dak za Um\u010dare i Pudarce<\/a><\/li>\n<li><a class=\"wp-block-latest-posts__post-title\" href=\"https:\/\/mppjedinstvo.co.rs\/rs\/2022\/12\/26\/poslovni-objekat-sava-centar-novi-beograd\/\">Poslovni objekat &#8222;SAVA CENTAR&#8220; Novi Beograd<\/a><\/li>\n<li><a class=\"wp-block-latest-posts__post-title\" href=\"https:\/\/mppjedinstvo.co.rs\/rs\/2022\/12\/26\/izgradnja-i-sanacija-kolektora-sa-pumpnim-stanicama-i-izrada-kanalizacione-mreze-u-nisu\/\">Izgradnja i sanacija kolektora sa pumpnim stanicama i izrada kanalizacione mre\u017ee u Ni\u0161u<\/a><\/li>\n<\/ul><\/div>\n<\/div>\n\n\n<div class=\"wp-block-image\">\n<figure class=\"aligncenter size-full\"><a href=\"https:\/\/mppjedinstvo.co.rs\/rs\/projekti\/reference\/\"><img decoding=\"async\" loading=\"lazy\" width=\"237\" height=\"83\" src=\"https:\/\/mppjedinstvo.co.rs\/rs\/wp-content\/uploads\/sites\/2\/2022\/12\/nasi_projekti.png\" alt=\"\" class=\"wp-image-3573\"\/><\/a><\/figure><\/div>\n\n<div class=\"wp-block-image\">\n<figure class=\"aligncenter size-full\"><a href=\"http:\/\/www.serbian-business-club.co.rs\/\"><img decoding=\"async\" loading=\"lazy\" width=\"230\" height=\"81\" src=\"https:\/\/mppjedinstvo.co.rs\/rs\/wp-content\/uploads\/sites\/2\/2022\/12\/poslovni-klub-privrednik.png\" alt=\"\" class=\"wp-image-2576\"\/><\/a><\/figure><\/div>\n\n<div class=\"wp-block-image\">\n<figure class=\"aligncenter size-full\"><a href=\"https:\/\/mppjedinstvo.co.rs\/wp-content\/uploads\/sites\/2\/2022\/12\/jedinstvo_prezentacija2019.pdf\"><img decoding=\"async\" loading=\"lazy\" width=\"230\" height=\"62\" src=\"https:\/\/mppjedinstvo.co.rs\/rs\/wp-content\/uploads\/sites\/2\/2022\/12\/prezentacija.jpg\" alt=\"\" class=\"wp-image-2577\"\/><\/a><\/figure><\/div><\/div>\n\n\n\n<div class=\"is-layout-flow wp-block-column h-con\" style=\"flex-basis:66.66%\">\n<h2 class=\"has-text-align-center\" style=\"font-style:normal;font-weight:400\">AKTUELNO<\/h2>\n\n\n\n<p><\/p>\n\n\n\n<figure class=\"is-layout-flex wp-block-gallery-6 wp-block-gallery has-nested-images columns-default is-cropped\">\n<figure class=\"wp-block-image size-large\"><img decoding=\"async\" loading=\"lazy\" width=\"1024\" height=\"683\" src=\"https:\/\/mppjedinstvo.co.rs\/rs\/wp-content\/uploads\/sites\/2\/2026\/04\/1774961858-images-3-1024x683.jpg\" alt=\"\" class=\"wp-image-4141\" srcset=\"https:\/\/mppjedinstvo.co.rs\/rs\/wp-content\/uploads\/sites\/2\/2026\/04\/1774961858-images-3-1024x683.jpg 1024w, https:\/\/mppjedinstvo.co.rs\/rs\/wp-content\/uploads\/sites\/2\/2026\/04\/1774961858-images-3-300x200.jpg 300w, https:\/\/mppjedinstvo.co.rs\/rs\/wp-content\/uploads\/sites\/2\/2026\/04\/1774961858-images-3-768x512.jpg 768w, https:\/\/mppjedinstvo.co.rs\/rs\/wp-content\/uploads\/sites\/2\/2026\/04\/1774961858-images-3-1536x1024.jpg 1536w, https:\/\/mppjedinstvo.co.rs\/rs\/wp-content\/uploads\/sites\/2\/2026\/04\/1774961858-images-3-18x12.jpg 18w, https:\/\/mppjedinstvo.co.rs\/rs\/wp-content\/uploads\/sites\/2\/2026\/04\/1774961858-images-3-450x300.jpg 450w, https:\/\/mppjedinstvo.co.rs\/rs\/wp-content\/uploads\/sites\/2\/2026\/04\/1774961858-images-3.jpg 1800w\" sizes=\"(max-width: 1024px) 100vw, 1024px\" \/><\/figure>\n<\/figure>\n\n\n\n<h2>Potpisan izvo\u0111a\u010dki ugovor za realizaciju kapitalnog projekta unapre\u0111enja vodovodne i kanalizacione infrastrukture Bokokotorskog zaliva<\/h2>\n\n\n\n<p>U sali za sastanke Op\u0161tine Kotor  potpisan je Izvo\u0111a\u010dki ugovor za projekat \u201eVodosnabdijevanje i odvo\u0111enje otpadnih voda na Jadranskoj obali &#8211; Bokokotorski zaliv\u201c u vrednosti od 17.112.744, 23 eura.<\/p>\n\n\n\n<p>U ime naru\u010dioca projekta, direktor DOO \u201eVodovod i kanalizacija\u201c Kotor&nbsp;<strong>\u0110uro Markovi\u0107<\/strong>, i ovla\u0161\u0107eni predstavnik izvo\u0111a\u010dkog preduze\u0107a MPP \u201eJedinstvo\u201c a.d. Sevojno&nbsp;<strong>Savo \u017duni\u0107<\/strong>, potpisali su ugovor u prisustvu predsednika Op\u0161tine Kotor&nbsp;<strong>Vladimira Joki\u0107a<\/strong>&nbsp;sa potpredsednicima i saradnicima, predsednika Skup\u0161tine op\u0161tine&nbsp;<strong>Vojina Batute<\/strong>&nbsp;i \u0161efom Operativnog sektora u Delegaciji Evropske unije&nbsp;<strong>Bernarda Brunet<\/strong>.<\/p>\n\n\n\n<p>Ovim ugovorom predvi\u0111ena je realizacija kapitalnog projekta unapre\u0111enja vodovodne i kanalizacione infrastrukture u Bokokotorskom zalivu, koji podrazumijeva izgradnju kanalizacione mre\u017ee Stoliv \u2013 Pr\u010danj i realizaciju projekta vodosnabdevanje Pr\u010danj \u2013 Stoliv.<\/p>\n\n\n\n<p>Potpisivanju sporazuma ispred \u201eVODACOM\u201c doo preduze\u0107a prisustvovali su direktor&nbsp;<strong>Dragan Roganovi\u0107&nbsp;<\/strong>sa saradnicima, izvr\u0161ni direktor firme \u201ePRO-ING\u201c koja pru\u017ea konsultantske usluge na projektu&nbsp;<strong>Goran Vukobratovi\u0107<\/strong>&nbsp;, kao direktor Kancelarije Njema\u010dke razvojne banke (KfW) u Crnoj Gori&nbsp;<strong>\u017deljko Uljarevi\u0107<\/strong>.<\/p>\n\n\n\n<p>Zaklju\u010divanju Izvo\u0111a\u010dkog ugovora prethodilo je potpisivanje Memoranduma o saradnji septembra 2025. godine, kao i potpisivanje Ugovora o dodeli bespovratnih sredstava iz Zajedni\u010dkog evropskog fonda za Zapadni Balkan, koji je predsednik Op\u0161tine Joki\u0107, po\u010detkom marta ove godine, potpisao sa ministrom Ministarstva ekologije, odr\u017eivog razvoja i razvoja severa Damjanom \u0106ulafi\u0107em, Njema\u010dkom razvojnom bankom, kao i preduze\u0107em \u201eVodacom\u201c. Njime su za Op\u0161tinu Kotor opredeljena sredstva u iznosu od 3,9 miliona eura za realizaciju pomenutog projekta.<\/p>\n\n\n\n<figure class=\"wp-block-image size-large\"><img decoding=\"async\" loading=\"lazy\" width=\"1024\" height=\"576\" src=\"https:\/\/mppjedinstvo.co.rs\/rs\/wp-content\/uploads\/sites\/2\/2025\/11\/1-1024x576.jpg\" alt=\"\" class=\"wp-image-4130\" srcset=\"https:\/\/mppjedinstvo.co.rs\/rs\/wp-content\/uploads\/sites\/2\/2025\/11\/1-1024x576.jpg 1024w, https:\/\/mppjedinstvo.co.rs\/rs\/wp-content\/uploads\/sites\/2\/2025\/11\/1-300x169.jpg 300w, https:\/\/mppjedinstvo.co.rs\/rs\/wp-content\/uploads\/sites\/2\/2025\/11\/1-768x432.jpg 768w, https:\/\/mppjedinstvo.co.rs\/rs\/wp-content\/uploads\/sites\/2\/2025\/11\/1-1536x864.jpg 1536w, https:\/\/mppjedinstvo.co.rs\/rs\/wp-content\/uploads\/sites\/2\/2025\/11\/1-2048x1152.jpg 2048w, https:\/\/mppjedinstvo.co.rs\/rs\/wp-content\/uploads\/sites\/2\/2025\/11\/1-18x10.jpg 18w, https:\/\/mppjedinstvo.co.rs\/rs\/wp-content\/uploads\/sites\/2\/2025\/11\/1-500x281.jpg 500w\" sizes=\"(max-width: 1024px) 100vw, 1024px\" \/><figcaption class=\"wp-element-caption\">Stambeno poslovni kompleks &#8222;Cveta Dabi\u0107&#8220;<\/figcaption><\/figure>\n\n\n\n<p><strong>\u201cCveta\u201d nominovana za evropsku nagradu savremene arhitekture <\/strong><\/p>\n\n\n\n<p>Formiranjem terase ka reci i platoom ka gradu, zgrada zvana \u201eCveta\u201c vra\u0107a javni prostor U\u017eicu \u0161to predstavlja najve\u0107e dostignu\u0107e projekta u odnosu na savremene trendove stanogradnje Stambeno-poslovni objekat &#8222;Cveta&#8220; u U\u017eicu \u010diji je investitor MPP \u201eJedinstvo\u201c iz Sevojna je me\u0111u sedam projekata doma\u0107ih arhitekata u konkurenciji za nagradu Evropske unije Mies 2026. Na prostoru gde je nekada bila sme\u0161tena fabrika &#8222;Cveta Dabi\u0107&#8220; u U\u017eicu, 2024. godine izgra\u0111en je kompleks &#8222;Cveta&#8220; \u010diji su autori Aleksandar Ristovi\u0107, Nikola Andonov i Stefan Stojanovi\u0107 iz MADA Architecture studija iz Beograda. Nagrada Evropske unije za savremenu arhitekturu, koja nosi ime proslavljenog moderniste Ludviga Misa van der Roea, dodeljuje se svake dve godine u cilju promovisanje kvaliteta dizajna, inovativnosti, odr\u017eivosti i dru\u0161tvenog uticaja arhitektonskih projekata, pi\u0161e Gradnja. Ove godine, pred stru\u010dnom komisijom imenovanom od strane Udru\u017eenja arhitekta Srbije na\u0161lo se 15 dela srpskih arhitekata zavr\u0161enih u periodu izme\u0111u 1. maja 2023. i 30. aprila 2025. godine, od kojih je sedam nominovano za evropsku nagradu. U konkurenciji pored u\u017ei\u010dkog kompleksa su dva poslovna objekta u Novom Sadu, citadela tvr\u0111ave u Prokuplju, stambeni objekati u Beogradu i dva stambena objekta beogradskog biroa kod \u0110erdapa i u Istri. Celokupan spisak nominovanih za nagradu EU Mies 2026 bi\u0107e objavljen u novembru, dok \u0107e u\u017ei izbor od 40 projekata biti predstavljen u januaru 2026. godine. Finalisti \u0107e biti poznati u februaru, a pobednici \u0107e biti progla\u0161eni u aprilu u Briselu. Dodela nagrade odr\u017ea\u0107e se u maju u Barseloni, u jednom od najpoznatijih objekata s potpisom Misa van der Roea \u2013 Paviljonu. Stambeno-poslovni objekat \u201cCveta\u201d u U\u017eicu Formiranjem terase ka reci i platoom ka gradu, zgrada zvana \u201eCveta\u201c vra\u0107a javni prostor U\u017eicu \u0161to predstavlja najve\u0107e dostignu\u0107e projekta u odnosu na savremene trendove stanogradnje. Na prostoru gde je nekada bila sme\u0161tena fabrika \u201cCveta Dabi\u0107\u201d u U\u017eicu, izgra\u0111ena je nova stambena zgrada koja, prema zamisli svojih autora iz beogradskog studija MADA, koja podi\u017ee standard stanogradnje u Zapadnoj Srbiji. Iako se na prvi pogled mo\u017ee u\u010diniti da se radi o jo\u0161 jednom tipi\u010dnom stambeno-poslovnom kompleksu, objekat \u201eCveta\u201c je ne\u0161to sasvim druga\u010dije. On donosi niz inovacija, od urbanisti\u010dkog pristupa i oblikovanja volumena, pa sve do kori\u0161\u0107enja lokalnih materijala, navodi gradnja.rs Izvor : Gradnja.rs\/D.Cvijovi\u0107 <\/p>\n\n\n<ul class=\"wp-block-latest-posts__list has-dates hp-con aktuelno wp-block-latest-posts\"><li><a class=\"wp-block-latest-posts__post-title\" href=\"https:\/\/mppjedinstvo.co.rs\/rs\/2022\/12\/12\/jedinstvo-iz-sevojna-poraslo-je-06-na-8-050-dinara\/\">Jedinstvo iz Sevojna poraslo je 0,6% na 8.050 dinara<\/a><time datetime=\"2022-12-12T11:53:47+00:00\" class=\"wp-block-latest-posts__post-date\">12\/12\/2022<\/time><div class=\"wp-block-latest-posts__post-excerpt\">Jedinstvo iz Sevojna poraslo je 0,6% na 8.050 dinara, nakon \u0161to je nedelju dana ranije sama kompanija intervenisala na tr\u017ei\u0161tu, otkupom sopstvenih akcija. Ovaj put promet Jedinstva bio je &hellip; <a href=\"https:\/\/mppjedinstvo.co.rs\/rs\/2022\/12\/12\/jedinstvo-iz-sevojna-poraslo-je-06-na-8-050-dinara\/\">\u041d\u0430\u0441\u0442\u0430\u0432\u0438\u0442\u0435 \u0441\u0430 \u0447\u0438\u0442\u0430\u045a\u0435\u043c <span class=\"meta-nav\">&rarr;<\/span><\/a><\/div><\/li>\n<li><a class=\"wp-block-latest-posts__post-title\" href=\"https:\/\/mppjedinstvo.co.rs\/rs\/2022\/07\/13\/jedinstvo-sevojno-zadrzalo-visoke-isplate-akcionarima-i-trecu-godinu-za-redom\/\">Jedinstvo Sevojno zadr\u017ealo visoke isplate akcionarima i tre\u0107u godinu za redom<\/a><time datetime=\"2022-07-13T11:51:59+00:00\" class=\"wp-block-latest-posts__post-date\">13\/07\/2022<\/time><div class=\"wp-block-latest-posts__post-excerpt\">Jedinstvo Sevojno zadr\u017ealo visoke isplate akcionarima i tre\u0107u godinu za redom, a standardno dobre dividende, na vi\u0161em nivou u odnosu na pro\u0161lu godinu dobi\u0107e i akcionari Tehnogasa, Metalca, Filip &hellip; <a href=\"https:\/\/mppjedinstvo.co.rs\/rs\/2022\/07\/13\/jedinstvo-sevojno-zadrzalo-visoke-isplate-akcionarima-i-trecu-godinu-za-redom\/\">\u041d\u0430\u0441\u0442\u0430\u0432\u0438\u0442\u0435 \u0441\u0430 \u0447\u0438\u0442\u0430\u045a\u0435\u043c <span class=\"meta-nav\">&rarr;<\/span><\/a><\/div><\/li>\n<li><a class=\"wp-block-latest-posts__post-title\" href=\"https:\/\/mppjedinstvo.co.rs\/rs\/2022\/05\/17\/kompanija-jedinstvo-angazovana-za-sanaciju-klizista-u-uzicu-vrednost-posla-110-000-000-dinara\/\">Kompanija Jedinstvo anga\u017eovana za sanaciju klizi\u0161ta u U\u017eicu &#8211; Vrednost posla 110.000.000 dinara<\/a><time datetime=\"2022-05-17T11:50:40+00:00\" class=\"wp-block-latest-posts__post-date\">17\/05\/2022<\/time><div class=\"wp-block-latest-posts__post-excerpt\">Ugovorom o prenosu finansijskih sredstava izme\u0111u Ministarstva gra\u0111evinarstva, saobra\u0107aja i infrastrukture i Grada U\u017eice, to ministarstvo se obavezuje na realizaciju projekta sanacije klizi\u0161ta i finansira ukupni iznos od 110.000.000 &hellip; <a href=\"https:\/\/mppjedinstvo.co.rs\/rs\/2022\/05\/17\/kompanija-jedinstvo-angazovana-za-sanaciju-klizista-u-uzicu-vrednost-posla-110-000-000-dinara\/\">\u041d\u0430\u0441\u0442\u0430\u0432\u0438\u0442\u0435 \u0441\u0430 \u0447\u0438\u0442\u0430\u045a\u0435\u043c <span class=\"meta-nav\">&rarr;<\/span><\/a><\/div><\/li>\n<\/ul><\/div>\n<\/div>\n\n\n\n<div class=\"is-layout-flex wp-container-17 wp-block-columns\">\n<div class=\"is-layout-flow wp-block-column yt-ch\">\n<div class=\"is-layout-flex wp-container-15 wp-block-columns\">\n<div class=\"is-layout-flow wp-block-column center\">\n<p class=\"has-text-align-right\">Najnovije na na\u0161em YouTube kanalu <a href=\"https:\/\/www.youtube.com\/channel\/UC9zvUYkZgckdp58MXmM4cjQ\" data-type=\"URL\" data-id=\"https:\/\/www.youtube.com\/channel\/UC9zvUYkZgckdp58MXmM4cjQ\">MPP JEDINSTVO<\/a>:<\/p>\n\n\n\n<div class=\"is-layout-flex wp-container-13 wp-block-columns are-vertically-aligned-center center\">\n<div class=\"is-layout-flow wp-block-column is-vertically-aligned-center has-background\" style=\"background-color:#00000000\">\n<iframe src=\"https:\/\/www.youtube.com\/embed\/6DGu2ujCDoI\" frameborder=\"0\" allow=\"accelerometer; encrypted-media; gyroscope; picture-in-picture\" allowfullscreen=\"\"><\/iframe>\n<\/div>\n\n\n\n<div class=\"is-layout-flow wp-block-column is-vertically-aligned-center has-background\" style=\"background-color:#38383800\">\n<iframe src=\"https:\/\/www.youtube.com\/embed\/nM4yNRYvJs0\" frameborder=\"0\" allow=\"accelerometer; encrypted-media; gyroscope; picture-in-picture\" allowfullscreen=\"\"><\/iframe>\n<\/div>\n\n\n\n<div class=\"is-layout-flow wp-block-column is-vertically-aligned-center has-background\" style=\"background-color:#1981d100\">\n<iframe src=\"https:\/\/www.youtube.com\/embed\/hbs6IG1irgo\" frameborder=\"0\" allow=\"accelerometer; encrypted-media; gyroscope; picture-in-picture\" allowfullscreen=\"\"><\/iframe>\n<\/div>\n<\/div>\n<\/div>\n<\/div>\n<\/div>\n<\/div>\n","protected":false},"excerpt":{"rendered":"<p>\u010cLANICE GRUPACIJE NAJNOVIJI PROJEKTI AKTUELNO Potpisan izvo\u0111a\u010dki ugovor za realizaciju kapitalnog projekta unapre\u0111enja vodovodne i kanalizacione infrastrukture Bokokotorskog zaliva U sali za sastanke Op\u0161tine Kotor potpisan je Izvo\u0111a\u010dki ugovor za projekat \u201eVodosnabdijevanje i odvo\u0111enje otpadnih voda na Jadranskoj obali &#8211; &hellip; <a href=\"https:\/\/mppjedinstvo.co.rs\/rs\/\">\u041d\u0430\u0441\u0442\u0430\u0432\u0438\u0442\u0435 \u0441\u0430 \u0447\u0438\u0442\u0430\u045a\u0435\u043c <span class=\"meta-nav\">&rarr;<\/span><\/a><\/p>\n","protected":false},"author":1,"featured_media":0,"parent":0,"menu_order":0,"comment_status":"closed","ping_status":"closed","template":"","meta":[],"_links":{"self":[{"href":"https:\/\/mppjedinstvo.co.rs\/rs\/wp-json\/wp\/v2\/pages\/2509"}],"collection":[{"href":"https:\/\/mppjedinstvo.co.rs\/rs\/wp-json\/wp\/v2\/pages"}],"about":[{"href":"https:\/\/mppjedinstvo.co.rs\/rs\/wp-json\/wp\/v2\/types\/page"}],"author":[{"embeddable":true,"href":"https:\/\/mppjedinstvo.co.rs\/rs\/wp-json\/wp\/v2\/users\/1"}],"replies":[{"embeddable":true,"href":"https:\/\/mppjedinstvo.co.rs\/rs\/wp-json\/wp\/v2\/comments?post=2509"}],"version-history":[{"count":56,"href":"https:\/\/mppjedinstvo.co.rs\/rs\/wp-json\/wp\/v2\/pages\/2509\/revisions"}],"predecessor-version":[{"id":4144,"href":"https:\/\/mppjedinstvo.co.rs\/rs\/wp-json\/wp\/v2\/pages\/2509\/revisions\/4144"}],"wp:attachment":[{"href":"https:\/\/mppjedinstvo.co.rs\/rs\/wp-json\/wp\/v2\/media?parent=2509"}],"curies":[{"name":"wp","href":"https:\/\/api.w.org\/{rel}","templated":true}]}}