{"id":3560,"date":"2022-12-06T22:15:36","date_gmt":"2022-12-06T22:15:36","guid":{"rendered":"https:\/\/mppjedinstvo.co.rs\/rs\/?page_id=3560"},"modified":"2022-12-06T22:18:36","modified_gmt":"2022-12-06T22:18:36","slug":"prodaja-nepokretnosti","status":"publish","type":"page","link":"https:\/\/mppjedinstvo.co.rs\/rs\/prodaja-nepokretnosti\/","title":{"rendered":"Prodaja nepokretnosti"},"content":{"rendered":"<p><img decoding=\"async\" class=\"aligncenter wp-image-2429\" src=\"https:\/\/mppjedinstvo.co.rs\/rs\/wp-content\/uploads\/sites\/2\/2022\/11\/CD1.jpg\" alt=\"CD1\" width=\"500\" \/><\/p>\n<h2><strong>PRODAJA STANOVA I GARA\u017dNIH MESTA<\/strong><\/h2>\n<p><span style=\"font-weight: 300;\">MPP Jedinstvo a.d. Sevojno vr\u0161i prodaju stanova i gara\u017enih mesta u stambeno-poslovnom objektu &#8222;Cveta Dabi\u0107&#8220; U\u017eice.<\/span><\/p>\n<p><img decoding=\"async\" loading=\"lazy\" class=\"alignnone size-full wp-image-3562\" src=\"https:\/\/mppjedinstvo.co.rs\/rs\/wp-content\/uploads\/sites\/2\/2022\/12\/Stambeno-poslovni-kompleks-Cveta-Dabic.jpg\" alt=\"\" width=\"700\" height=\"801\" srcset=\"https:\/\/mppjedinstvo.co.rs\/rs\/wp-content\/uploads\/sites\/2\/2022\/12\/Stambeno-poslovni-kompleks-Cveta-Dabic.jpg 700w, https:\/\/mppjedinstvo.co.rs\/rs\/wp-content\/uploads\/sites\/2\/2022\/12\/Stambeno-poslovni-kompleks-Cveta-Dabic-262x300.jpg 262w\" sizes=\"(max-width: 700px) 100vw, 700px\" \/><\/p>\n<h2>NAJBOLJA LOKACIJA U GRADU<\/h2>\n<ul>\n<li>Sportsko-rekreativni sadr\u017eaj na pla\u017ei 50 m<\/li>\n<li>Najbli\u017ee osnovne \u0161kole i vrti\u0107i 50 m<\/li>\n<li>Glavna ulica 100 m<\/li>\n<li>Centar grada 700 m<\/li>\n<li>\u0160etali\u0161te do Velikog parka ( Sportska hala ) 1300 m<\/li>\n<\/ul>\n<h2>BRO\u0160URA<\/h2>\n<p>Pogledajte <a href=\"https:\/\/mppjedinstvo.co.rs\/rs\/wp-content\/uploads\/sites\/2\/2022\/12\/Bro%C5%A1ura%20-%20Stambeno-poslovni%20kompleks%20Cveta%20Dabi%C4%87.pdf\" target=\"_blank\" rel=\"noopener\">bro\u0161uru<\/a> sa detaljnim\u00a0specifikacijama.<\/p>\n<h2>KONTAKT<\/h2>\n<p><strong>Telefon<\/strong>: <a href=\"tel:+38131 533 681\">031 533 681<\/a><br \/>\n<strong>Email<\/strong>: <a href=\"mailto:prodajastanova@mppjedinstvo.co.rs\">prodajastanova@mppjedinstvo.co.rs<\/a><\/p>\n<p><img decoding=\"async\" loading=\"lazy\" class=\"alignnone size-full wp-image-3563\" src=\"https:\/\/mppjedinstvo.co.rs\/rs\/wp-content\/uploads\/sites\/2\/2022\/12\/CD2.jpg\" alt=\"\" width=\"700\" height=\"675\" srcset=\"https:\/\/mppjedinstvo.co.rs\/rs\/wp-content\/uploads\/sites\/2\/2022\/12\/CD2.jpg 700w, https:\/\/mppjedinstvo.co.rs\/rs\/wp-content\/uploads\/sites\/2\/2022\/12\/CD2-300x289.jpg 300w, https:\/\/mppjedinstvo.co.rs\/rs\/wp-content\/uploads\/sites\/2\/2022\/12\/CD2-311x300.jpg 311w\" sizes=\"(max-width: 700px) 100vw, 700px\" \/><\/p>\n","protected":false},"excerpt":{"rendered":"<p>PRODAJA STANOVA I GARA\u017dNIH MESTA MPP Jedinstvo a.d. Sevojno vr\u0161i prodaju stanova i gara\u017enih mesta u stambeno-poslovnom objektu &#8222;Cveta Dabi\u0107&#8220; U\u017eice. NAJBOLJA LOKACIJA U GRADU Sportsko-rekreativni sadr\u017eaj na pla\u017ei 50 m Najbli\u017ee osnovne \u0161kole i vrti\u0107i 50 m Glavna ulica &hellip; <a href=\"https:\/\/mppjedinstvo.co.rs\/rs\/prodaja-nepokretnosti\/\">\u041d\u0430\u0441\u0442\u0430\u0432\u0438\u0442\u0435 \u0441\u0430 \u0447\u0438\u0442\u0430\u045a\u0435\u043c <span class=\"meta-nav\">&rarr;<\/span><\/a><\/p>\n","protected":false},"author":1,"featured_media":0,"parent":0,"menu_order":0,"comment_status":"closed","ping_status":"closed","template":"","meta":[],"_links":{"self":[{"href":"https:\/\/mppjedinstvo.co.rs\/rs\/wp-json\/wp\/v2\/pages\/3560"}],"collection":[{"href":"https:\/\/mppjedinstvo.co.rs\/rs\/wp-json\/wp\/v2\/pages"}],"about":[{"href":"https:\/\/mppjedinstvo.co.rs\/rs\/wp-json\/wp\/v2\/types\/page"}],"author":[{"embeddable":true,"href":"https:\/\/mppjedinstvo.co.rs\/rs\/wp-json\/wp\/v2\/users\/1"}],"replies":[{"embeddable":true,"href":"https:\/\/mppjedinstvo.co.rs\/rs\/wp-json\/wp\/v2\/comments?post=3560"}],"version-history":[{"count":2,"href":"https:\/\/mppjedinstvo.co.rs\/rs\/wp-json\/wp\/v2\/pages\/3560\/revisions"}],"predecessor-version":[{"id":3565,"href":"https:\/\/mppjedinstvo.co.rs\/rs\/wp-json\/wp\/v2\/pages\/3560\/revisions\/3565"}],"wp:attachment":[{"href":"https:\/\/mppjedinstvo.co.rs\/rs\/wp-json\/wp\/v2\/media?parent=3560"}],"curies":[{"name":"wp","href":"https:\/\/api.w.org\/{rel}","templated":true}]}}