{"id":500,"date":"2012-12-26T15:24:48","date_gmt":"2012-12-26T14:24:48","guid":{"rendered":"https:\/\/mppjedinstvo.co.rs\/?page_id=500"},"modified":"2025-10-11T15:31:27","modified_gmt":"2025-10-11T15:31:27","slug":"reference","status":"publish","type":"page","link":"https:\/\/mppjedinstvo.co.rs\/rs\/projekti\/reference\/","title":{"rendered":"Reference"},"content":{"rendered":"\n<div class=\"is-layout-flex wp-container-2 wp-block-columns\">\n<div class=\"is-layout-flow wp-block-column\" style=\"flex-basis:100%\"><ul class=\"wp-block-latest-posts__list refer wp-block-latest-posts\"><li><a class=\"wp-block-latest-posts__post-title\" href=\"https:\/\/mppjedinstvo.co.rs\/rs\/2022\/12\/26\/lidl-logisticki-centar-u-lapovu\/\">Lidl logisti\u010dki centar u lapovu<\/a><\/li>\n<li><a class=\"wp-block-latest-posts__post-title\" href=\"https:\/\/mppjedinstvo.co.rs\/rs\/2020\/05\/21\/nova-poslovna-zgrada-delta-holdinga\/\">Nova poslovna zgrada Delta Holdinga<\/a><\/li>\n<li><a class=\"wp-block-latest-posts__post-title\" href=\"https:\/\/mppjedinstvo.co.rs\/rs\/2019\/12\/19\/proizvodni-objekat-sa-administrativnom-zgradom-i-pratecim-objektima-boysen\/\">Proizvodni objekat sa administrativnom zgradom i prate\u0107im objektima &#8222;Boysen&#8220;<\/a><\/li>\n<li><a class=\"wp-block-latest-posts__post-title\" href=\"https:\/\/mppjedinstvo.co.rs\/rs\/2019\/12\/19\/granicni-prelaz-bajna-basta\/\">Grani\u010dni prelaz Bajna Ba\u0161ta<\/a><\/li>\n<li><a class=\"wp-block-latest-posts__post-title\" href=\"https:\/\/mppjedinstvo.co.rs\/rs\/2019\/11\/16\/isporuka-i-ugradnja-solarnih-kolektora-za-jkp-grejanje-pancevo\/\">Isporuka i ugradnja solarnih kolektora za JKP Grejanje Pan\u010devo<\/a><\/li>\n<li><a class=\"wp-block-latest-posts__post-title\" href=\"https:\/\/mppjedinstvo.co.rs\/rs\/2019\/11\/16\/kanalizacija-i-ppov-bela-zemlja\/\">Kanalizacija i PPOV Bela Zemlja<\/a><\/li>\n<li><a class=\"wp-block-latest-posts__post-title\" href=\"https:\/\/mppjedinstvo.co.rs\/rs\/2019\/07\/17\/multifunkcionalna-dvorana-u-kosutnjaku\/\">Multifunkcionalna dvorana u Ko\u0161utnjaku<\/a><\/li>\n<li><a class=\"wp-block-latest-posts__post-title\" href=\"https:\/\/mppjedinstvo.co.rs\/rs\/2019\/07\/17\/institut-za-kardiovaskularne-bolesti-dedinje\/\">Institut za kardiovaskularne bolesti &#8222;Dedinje&#8220;<\/a><\/li>\n<li><a class=\"wp-block-latest-posts__post-title\" href=\"https:\/\/mppjedinstvo.co.rs\/rs\/2019\/07\/17\/ppov-zlatibor\/\">PPOV Zlatibor<\/a><\/li>\n<li><a class=\"wp-block-latest-posts__post-title\" href=\"https:\/\/mppjedinstvo.co.rs\/rs\/2019\/07\/17\/vodovod-cetinje-crna-gora\/\">Vodovod Cetinje, Crna Gora<\/a><\/li>\n<li><a class=\"wp-block-latest-posts__post-title\" href=\"https:\/\/mppjedinstvo.co.rs\/rs\/2019\/07\/16\/sistem-vodosnabdevanja-zubin-potok\/\">Sistem vodosnabdevanja Zubin Potok<\/a><\/li>\n<li><a class=\"wp-block-latest-posts__post-title\" href=\"https:\/\/mppjedinstvo.co.rs\/rs\/2019\/06\/26\/nabavka-i-izgradnja-kanalizacionih-kolektora-i-kanalizacione-mreze-u-vranju\/\">Nabavka i izgradnja kanalizacionih kolektora i kanalizacione mre\u017ee u Vranju<\/a><\/li>\n<li><a class=\"wp-block-latest-posts__post-title\" href=\"https:\/\/mppjedinstvo.co.rs\/rs\/2019\/06\/26\/proizvodno-skladisni-objekat-ctp-u-kragujevcu\/\">Proizvodno skladi\u0161ni objekat CTP u Kragujevcu<\/a><\/li>\n<li><a class=\"wp-block-latest-posts__post-title\" href=\"https:\/\/mppjedinstvo.co.rs\/rs\/2019\/06\/20\/vodosnabdevanja-pomurja\/\">Vodosnabdevanja Pomurja<\/a><\/li>\n<li><a class=\"wp-block-latest-posts__post-title\" href=\"https:\/\/mppjedinstvo.co.rs\/rs\/2019\/06\/20\/vodosnabdevanje-i-odvodenje-otpadnih-voda-na-jadranskoj-obali-faza-iii-kotor\/\">Vodosnabdevanje i odvo\u0111enje otpadnih voda na Jadranskoj obali , faza III &#8211; Kotor<\/a><\/li>\n<li><a class=\"wp-block-latest-posts__post-title\" href=\"https:\/\/mppjedinstvo.co.rs\/rs\/2019\/06\/20\/ppv-bolje-sestre\/\">PPV Bolje sestre<\/a><\/li>\n<li><a class=\"wp-block-latest-posts__post-title\" href=\"https:\/\/mppjedinstvo.co.rs\/rs\/2019\/06\/20\/vodovod-foca\/\">Vodovod Fo\u010da<\/a><\/li>\n<li><a class=\"wp-block-latest-posts__post-title\" href=\"https:\/\/mppjedinstvo.co.rs\/rs\/2019\/06\/20\/zatvoreni-bazen-uzice\/\">Zatvoreni bazen U\u017eice<\/a><\/li>\n<li><a class=\"wp-block-latest-posts__post-title\" href=\"https:\/\/mppjedinstvo.co.rs\/rs\/2019\/06\/20\/zatvoreni-gradski-bazen-u-pirotu\/\">Zatvoreni gradski bazen u Pirotu<\/a><\/li>\n<li><a class=\"wp-block-latest-posts__post-title\" href=\"https:\/\/mppjedinstvo.co.rs\/rs\/2019\/06\/20\/transfer-stanice-regionalni-centar-za-upravljanje-otpadom-subotica\/\">Transfer stanice &#8211; regionalni centar za upravljanje otpadom Subotica<\/a><\/li>\n<li><a class=\"wp-block-latest-posts__post-title\" href=\"https:\/\/mppjedinstvo.co.rs\/rs\/2019\/06\/20\/solarni-kolektori-u-pancevu\/\">Solarni kolektori u Pan\u010devu<\/a><\/li>\n<li><a class=\"wp-block-latest-posts__post-title\" href=\"https:\/\/mppjedinstvo.co.rs\/rs\/2019\/06\/20\/mhe-beli-kamen-na-zlatiboru\/\">MHE Beli kamen na Zlatiboru<\/a><\/li>\n<li><a class=\"wp-block-latest-posts__post-title\" href=\"https:\/\/mppjedinstvo.co.rs\/rs\/2019\/06\/20\/stanice-za-snabdevanje-gorivom\/\">Stanice za snabdevanje gorivom<\/a><\/li>\n<li><a class=\"wp-block-latest-posts__post-title\" href=\"https:\/\/mppjedinstvo.co.rs\/rs\/2019\/06\/20\/kotlarnica-u-uzicu-izgradnja-i-modernizacija-daljinskog-sistema-grejanja\/\">Kotlarnica u U\u017eicu &#8211; izgradnja i modernizacija daljinskog sistema grejanja<\/a><\/li>\n<li><a class=\"wp-block-latest-posts__post-title\" href=\"https:\/\/mppjedinstvo.co.rs\/rs\/2019\/06\/20\/rezervoari-za-naftu-u-novom-sadu\/\">Rezervoari za naftu u Novom Sadu<\/a><\/li>\n<li><a class=\"wp-block-latest-posts__post-title\" href=\"https:\/\/mppjedinstvo.co.rs\/rs\/2019\/06\/20\/naftni-terminal-u-smederevu\/\">Naftni terminal u Smederevu<\/a><\/li>\n<li><a class=\"wp-block-latest-posts__post-title\" href=\"https:\/\/mppjedinstvo.co.rs\/rs\/2019\/06\/20\/swarovski-subotica\/\">Swarovski Subotica<\/a><\/li>\n<li><a class=\"wp-block-latest-posts__post-title\" href=\"https:\/\/mppjedinstvo.co.rs\/rs\/2019\/06\/20\/postrojenje-za-preciscavanje-otpadne-vode-na-te-nikola-tesla\/\">Postrojenje za pre\u010di\u0161\u0107avanje otpadne vode na TE Nikola Tesla<\/a><\/li>\n<li><a class=\"wp-block-latest-posts__post-title\" href=\"https:\/\/mppjedinstvo.co.rs\/rs\/2019\/06\/20\/izgradnja-fekalne-kanalizacije-kisne-kanalizacije-i-vodovodne-mreze-u-novom-pazaru\/\">Izgradnja fekalne kanalizacije, ki\u0161ne kanalizacije i vodovodne mre\u017ee u Novom Pazaru<\/a><\/li>\n<li><a class=\"wp-block-latest-posts__post-title\" href=\"https:\/\/mppjedinstvo.co.rs\/rs\/2019\/06\/20\/fabrika-vode-uzice\/\">Fabrika vode U\u017eice<\/a><\/li>\n<li><a class=\"wp-block-latest-posts__post-title\" href=\"https:\/\/mppjedinstvo.co.rs\/rs\/2019\/06\/20\/izgradnja-sistema-za-vodosnabdevanje-kolubarskog-okruga\/\">Izgradnja sistema za vodosnabdevanje Kolubarskog okruga<\/a><\/li>\n<li><a class=\"wp-block-latest-posts__post-title\" href=\"https:\/\/mppjedinstvo.co.rs\/rs\/2019\/06\/19\/gold-gondola-zlatibor\/\">Gold gondola Zlatibor<\/a><\/li>\n<li><a class=\"wp-block-latest-posts__post-title\" href=\"https:\/\/mppjedinstvo.co.rs\/rs\/2019\/06\/19\/granicni-prelaz-kotroman\/\">Grani\u010dni prelaz Kotroman<\/a><\/li>\n<li><a class=\"wp-block-latest-posts__post-title\" href=\"https:\/\/mppjedinstvo.co.rs\/rs\/2019\/06\/19\/prosirenje-kotlarnice-valjaonice-bakra-sevojno\/\">Pro\u0161irenje kotlarnice Valjaonice Bakra Sevojno<\/a><\/li>\n<li><a class=\"wp-block-latest-posts__post-title\" href=\"https:\/\/mppjedinstvo.co.rs\/rs\/2019\/06\/19\/izgradnja-poslovne-zgrade-rtv-u-novom-sadu\/\">Izgradnja poslovne zgrade RTV u Novom Sadu<\/a><\/li>\n<li><a class=\"wp-block-latest-posts__post-title\" href=\"https:\/\/mppjedinstvo.co.rs\/rs\/2019\/06\/19\/izgradnja-rezervoara-r-6-i-zavrsetak-radova-na-rezervoaru-r-5-i-izvodenje-radova-na-pratecoj-infrastrukturi-na-skladistu-naftnih-derivata-pozega-u-pozegi\/\">Izgradnja rezervoara R-6 i zavr\u0161etak radova na rezervoaru R-5 i izvo\u0111enje radova na prate\u0107oj infrastrukturi na skladi\u0161tu naftnih derivata &#8222;Po\u017eega&#8220; u Po\u017eegi<\/a><\/li>\n<li><a class=\"wp-block-latest-posts__post-title\" href=\"https:\/\/mppjedinstvo.co.rs\/rs\/2019\/06\/19\/rekonstrukcija-i-nadogradnja-postrojenja-za-preciscavanje-vode-berilovac-u-pirotu\/\">Rekonstrukcija i nadogradnja postrojenja za pre\u010di\u0161\u0107avanje vode Berilovac u Pirotu<\/a><\/li>\n<li><a class=\"wp-block-latest-posts__post-title\" href=\"https:\/\/mppjedinstvo.co.rs\/rs\/2019\/06\/19\/soping-centra-na-zvezdari\/\">\u0160oping centra na Zvezdari<\/a><\/li>\n<li><a class=\"wp-block-latest-posts__post-title\" href=\"https:\/\/mppjedinstvo.co.rs\/rs\/2013\/06\/09\/snabdevanje-pomurja-pijacom-vodom-sistem-a\/\">Snabdevanje Pomurja pija\u0107om vodom &#8211; sistem A<\/a><\/li>\n<li><a class=\"wp-block-latest-posts__post-title\" href=\"https:\/\/mppjedinstvo.co.rs\/rs\/2013\/06\/09\/snabdevanje-vodom-i-sanitacija-jadranske-obale-iii-bar\/\">Bar, Crna Gora &#8222;Snabdevanje vodom i sanitacija Jadranske obale III-Bar&#8220;<\/a><\/li>\n<li><a class=\"wp-block-latest-posts__post-title\" href=\"https:\/\/mppjedinstvo.co.rs\/rs\/2013\/01\/13\/klc-makis\/\">KLC Maki\u0161<\/a><\/li>\n<li><a class=\"wp-block-latest-posts__post-title\" href=\"https:\/\/mppjedinstvo.co.rs\/rs\/2013\/01\/12\/filtersko-postrojenje-mojdez\/\">Filtersko postrojenje Mojde\u017e<\/a><\/li>\n<li><a class=\"wp-block-latest-posts__post-title\" href=\"https:\/\/mppjedinstvo.co.rs\/rs\/2013\/01\/11\/fekalna-kanalizacija-kotor\/\">Fekalna kanalizacija Kotor<\/a><\/li>\n<li><a class=\"wp-block-latest-posts__post-title\" href=\"https:\/\/mppjedinstvo.co.rs\/rs\/2013\/01\/10\/kanalizacija-sarampov-meovaca-i-bjelkica-brdo-bajina-basta\/\">Kanalizacija \u0160arampov &#8211; Meova\u010da i Bjelki\u0107a brdo &#8211; Bajina Ba\u0161ta<\/a><\/li>\n<li><a class=\"wp-block-latest-posts__post-title\" href=\"https:\/\/mppjedinstvo.co.rs\/rs\/2013\/01\/06\/vodovod-i-kanalizacija-kotor\/\">Vodovod i kanalizacija Kotor<\/a><\/li>\n<li><a class=\"wp-block-latest-posts__post-title\" href=\"https:\/\/mppjedinstvo.co.rs\/rs\/2013\/01\/05\/most-ada-cevovod-dn900\/\">Most Ada Cevovod DN900<\/a><\/li>\n<li><a class=\"wp-block-latest-posts__post-title\" href=\"https:\/\/mppjedinstvo.co.rs\/rs\/2013\/01\/04\/mala-hidroelektrana-bare\/\">Mala hidroelektrana Bare<\/a><\/li>\n<li><a class=\"wp-block-latest-posts__post-title\" href=\"https:\/\/mppjedinstvo.co.rs\/rs\/2013\/01\/03\/rekonstrukcija-ulica-u-arandelovcu\/\">Rekonstrukcija ulica u Aran\u0111elovcu<\/a><\/li>\n<li><a class=\"wp-block-latest-posts__post-title\" href=\"https:\/\/mppjedinstvo.co.rs\/rs\/2013\/01\/02\/bazen-prozivka-subotica\/\">Bazen Prozivka Subotica<\/a><\/li>\n<li><a class=\"wp-block-latest-posts__post-title\" href=\"https:\/\/mppjedinstvo.co.rs\/rs\/2013\/01\/01\/bazen-kraljevica-zajecar\/\">Bazen Kraljevica, Zaje\u010dar<\/a><\/li>\n<li><a class=\"wp-block-latest-posts__post-title\" href=\"https:\/\/mppjedinstvo.co.rs\/rs\/2012\/12\/29\/cevovod-i-objekti-vodosnabdevanja-na-staroj-planini\/\">Cevovod i objekti vodosnabdevanja na Staroj planini<\/a><\/li>\n<li><a class=\"wp-block-latest-posts__post-title\" href=\"https:\/\/mppjedinstvo.co.rs\/rs\/2012\/12\/27\/prvi-partizan\/\">Prvi Partizan<\/a><\/li>\n<li><a class=\"wp-block-latest-posts__post-title\" href=\"https:\/\/mppjedinstvo.co.rs\/rs\/2012\/12\/27\/rekonstrukcija-zgrade-aeroinzenjering-beograd\/\">Rekonstrukcija zgrade \u201eAeroin\u017eenjering\u201c, Beograd<\/a><\/li>\n<li><a class=\"wp-block-latest-posts__post-title\" href=\"https:\/\/mppjedinstvo.co.rs\/rs\/2012\/12\/26\/otvoreni-bazeni-u-varvarinu\/\">Otvoreni bazeni u Varvarinu<\/a><\/li>\n<li><a class=\"wp-block-latest-posts__post-title\" href=\"https:\/\/mppjedinstvo.co.rs\/rs\/2012\/12\/23\/kanalizaciona-crpna-stanica-glavna-sabac\/\">Kanalizaciona crpna stanica \u201cGlavna\u201d, \u0160abac<\/a><\/li>\n<li><a class=\"wp-block-latest-posts__post-title\" href=\"https:\/\/mppjedinstvo.co.rs\/rs\/2012\/12\/21\/ppv-bukulja-arandelovac\/\">PPV \u201eBukulja\u201c, Aran\u0111elovac<\/a><\/li>\n<li><a class=\"wp-block-latest-posts__post-title\" href=\"https:\/\/mppjedinstvo.co.rs\/rs\/2012\/12\/20\/navodnjavanje-opstine-grocka\/\">Sistem za navodnjavanje zemlji\u0161ta u Grockoj<\/a><\/li>\n<li><a class=\"wp-block-latest-posts__post-title\" href=\"https:\/\/mppjedinstvo.co.rs\/rs\/2012\/04\/10\/merkator-beograd\/\">MERKATOR Beograd<\/a><\/li>\n<li><a class=\"wp-block-latest-posts__post-title\" href=\"https:\/\/mppjedinstvo.co.rs\/rs\/2012\/04\/09\/magistralni-toplovod-m6-preko-mosta-gazela\/\">Magistralni toplovod M6 preko mosta \u201cGazela\u201d<\/a><\/li>\n<li><a class=\"wp-block-latest-posts__post-title\" href=\"https:\/\/mppjedinstvo.co.rs\/rs\/2012\/04\/04\/fabrika-grundfos-indija\/\">Fabrika Grundfos GMS In\u0111ija<\/a><\/li>\n<li><a class=\"wp-block-latest-posts__post-title\" href=\"https:\/\/mppjedinstvo.co.rs\/rs\/2012\/04\/03\/fiat-kragujevac\/\">FIAT Kragujevac<\/a><\/li>\n<li><a class=\"wp-block-latest-posts__post-title\" href=\"https:\/\/mppjedinstvo.co.rs\/rs\/2012\/04\/02\/gasovod-cacak-uzice\/\">Gasovod \u010ca\u010dak &#8211; U\u017eice<\/a><\/li>\n<\/ul><\/div>\n<\/div>\n\n\n\n<p><\/p>\n","protected":false},"excerpt":{"rendered":"","protected":false},"author":1,"featured_media":0,"parent":494,"menu_order":2,"comment_status":"closed","ping_status":"closed","template":"","meta":[],"_links":{"self":[{"href":"https:\/\/mppjedinstvo.co.rs\/rs\/wp-json\/wp\/v2\/pages\/500"}],"collection":[{"href":"https:\/\/mppjedinstvo.co.rs\/rs\/wp-json\/wp\/v2\/pages"}],"about":[{"href":"https:\/\/mppjedinstvo.co.rs\/rs\/wp-json\/wp\/v2\/types\/page"}],"author":[{"embeddable":true,"href":"https:\/\/mppjedinstvo.co.rs\/rs\/wp-json\/wp\/v2\/users\/1"}],"replies":[{"embeddable":true,"href":"https:\/\/mppjedinstvo.co.rs\/rs\/wp-json\/wp\/v2\/comments?post=500"}],"version-history":[{"count":3,"href":"https:\/\/mppjedinstvo.co.rs\/rs\/wp-json\/wp\/v2\/pages\/500\/revisions"}],"predecessor-version":[{"id":4088,"href":"https:\/\/mppjedinstvo.co.rs\/rs\/wp-json\/wp\/v2\/pages\/500\/revisions\/4088"}],"up":[{"embeddable":true,"href":"https:\/\/mppjedinstvo.co.rs\/rs\/wp-json\/wp\/v2\/pages\/494"}],"wp:attachment":[{"href":"https:\/\/mppjedinstvo.co.rs\/rs\/wp-json\/wp\/v2\/media?parent=500"}],"curies":[{"name":"wp","href":"https:\/\/api.w.org\/{rel}","templated":true}]}}