{"id":97,"date":"2011-09-17T14:27:08","date_gmt":"2011-09-17T14:27:08","guid":{"rendered":"https:\/\/mppjedinstvo.co.rs\/?page_id=97"},"modified":"2022-12-06T15:52:09","modified_gmt":"2022-12-06T15:52:09","slug":"hidro-tehnicke-instalacije","status":"publish","type":"page","link":"https:\/\/mppjedinstvo.co.rs\/rs\/delatnosti\/hidro-tehnicke-instalacije\/","title":{"rendered":"Hidrotehni\u010dke instalacije"},"content":{"rendered":"<ul>\n<li>Vodovod i kanalizacija,<\/li>\n<li>postrojenja za pre\u010di\u0161\u0107avanje sanitarnih i industrijskih otpadnih voda,<\/li>\n<li>hidrantske mre\u017ee,<\/li>\n<li>bazenska tehnika.<\/li>\n<\/ul>\n\n\t\t<style type=\"text\/css\">\n\t\t\t#gallery-1 {\n\t\t\t\tmargin: auto;\n\t\t\t}\n\t\t\t#gallery-1 .gallery-item {\n\t\t\t\tfloat: left;\n\t\t\t\tmargin-top: 10px;\n\t\t\t\ttext-align: center;\n\t\t\t\twidth: 100%;\n\t\t\t}\n\t\t\t#gallery-1 img {\n\t\t\t\tborder: 2px solid #cfcfcf;\n\t\t\t}\n\t\t\t#gallery-1 .gallery-caption {\n\t\t\t\tmargin-left: 0;\n\t\t\t}\n\t\t\t\/* see gallery_shortcode() in wp-includes\/media.php *\/\n\t\t<\/style>\n\t\t<div id='gallery-1' class='gallery galleryid-97 gallery-columns-1 gallery-size-full'><dl class='gallery-item'>\n\t\t\t<dt class='gallery-icon portrait'>\n\t\t\t\t<a href='https:\/\/mppjedinstvo.co.rs\/rs\/wp-content\/uploads\/sites\/2\/2011\/09\/th-instalacije.jpg'><img width=\"628\" height=\"697\" src=\"https:\/\/mppjedinstvo.co.rs\/rs\/wp-content\/uploads\/sites\/2\/2011\/09\/th-instalacije.jpg\" class=\"attachment-full size-full\" alt=\"\" decoding=\"async\" loading=\"lazy\" srcset=\"https:\/\/mppjedinstvo.co.rs\/rs\/wp-content\/uploads\/sites\/2\/2011\/09\/th-instalacije.jpg 628w, https:\/\/mppjedinstvo.co.rs\/rs\/wp-content\/uploads\/sites\/2\/2011\/09\/th-instalacije-270x300.jpg 270w\" sizes=\"(max-width: 628px) 100vw, 628px\" \/><\/a>\n\t\t\t<\/dt><\/dl><br style=\"clear: both\" \/>\n\t\t<\/div>\n\n","protected":false},"excerpt":{"rendered":"<p>Vodovod i kanalizacija, postrojenja za pre\u010di\u0161\u0107avanje sanitarnih i industrijskih otpadnih voda, hidrantske mre\u017ee, bazenska tehnika.<\/p>\n","protected":false},"author":1,"featured_media":0,"parent":95,"menu_order":0,"comment_status":"closed","ping_status":"closed","template":"","meta":[],"_links":{"self":[{"href":"https:\/\/mppjedinstvo.co.rs\/rs\/wp-json\/wp\/v2\/pages\/97"}],"collection":[{"href":"https:\/\/mppjedinstvo.co.rs\/rs\/wp-json\/wp\/v2\/pages"}],"about":[{"href":"https:\/\/mppjedinstvo.co.rs\/rs\/wp-json\/wp\/v2\/types\/page"}],"author":[{"embeddable":true,"href":"https:\/\/mppjedinstvo.co.rs\/rs\/wp-json\/wp\/v2\/users\/1"}],"replies":[{"embeddable":true,"href":"https:\/\/mppjedinstvo.co.rs\/rs\/wp-json\/wp\/v2\/comments?post=97"}],"version-history":[{"count":2,"href":"https:\/\/mppjedinstvo.co.rs\/rs\/wp-json\/wp\/v2\/pages\/97\/revisions"}],"predecessor-version":[{"id":3505,"href":"https:\/\/mppjedinstvo.co.rs\/rs\/wp-json\/wp\/v2\/pages\/97\/revisions\/3505"}],"up":[{"embeddable":true,"href":"https:\/\/mppjedinstvo.co.rs\/rs\/wp-json\/wp\/v2\/pages\/95"}],"wp:attachment":[{"href":"https:\/\/mppjedinstvo.co.rs\/rs\/wp-json\/wp\/v2\/media?parent=97"}],"curies":[{"name":"wp","href":"https:\/\/api.w.org\/{rel}","templated":true}]}}